{"id":8026,"date":"2014-08-20T13:52:36","date_gmt":"2014-08-20T12:52:36","guid":{"rendered":"http:\/\/brico-afeb.com\/en\/?page_id=8026"},"modified":"2025-08-29T13:55:31","modified_gmt":"2025-08-29T12:55:31","slug":"directive-board","status":"publish","type":"page","link":"https:\/\/brico-afeb.com\/en\/directive-board\/","title":{"rendered":"Directive Board"},"content":{"rendered":"<div class=\"wpb-content-wrapper\"><p>[vc_row padding_top=&#8221;0&#8243; padding_bottom=&#8221;0&#8243;][vc_column][rev_slider_vc alias=&#8221;fancy-header-services&#8221;][\/vc_column][\/vc_row][vc_row padding_bottom=&#8221;5&#8243;][vc_column width=&#8221;1\/4&#8243;][vc_single_image image=&#8221;26561&#8243; img_size=&#8221;224&#215;269&#8243; alignment=&#8221;center&#8221;][vc_column_text lead=&#8221;yes&#8221; font_size=&#8221;12&#8243;]<\/p>\n<p style=\"text-align: center;\"><strong>Carlos Martin<br \/>\n<\/strong>Director General WD40<strong><br \/>\nPresident<\/strong><\/p>\n<p>[\/vc_column_text][\/vc_column][vc_column width=&#8221;1\/4&#8243;][vc_single_image image=&#8221;18310&#8243; img_size=&#8221;224&#215;269&#8243; alignment=&#8221;center&#8221;][vc_column_text lead=&#8221;yes&#8221; font_size=&#8221;12&#8243;]<\/p>\n<p style=\"text-align: center;\"><strong>Olga Fuertes<br \/>\n<\/strong>CEO at\u00a0Montana Colors<br \/>\n<strong>Vice president AFEB<\/strong><\/p>\n<p>[\/vc_column_text][\/vc_column][vc_column width=&#8221;1\/4&#8243;][vc_single_image image=&#8221;18289&#8243; img_size=&#8221;224&#215;269&#8243; alignment=&#8221;center&#8221;][vc_column_text lead=&#8221;yes&#8221; font_size=&#8221;12&#8243;]<\/p>\n<p style=\"text-align: center;\"><strong>Marta Omedes<\/strong><br \/>\nAssociation Manager<br \/>\n<strong>General Secretary at AFEB<\/strong><em><br \/>\n<\/em><\/p>\n<p>[\/vc_column_text][\/vc_column][vc_column width=&#8221;1\/4&#8243;][vc_single_image image=&#8221;18319&#8243; img_size=&#8221;224&#215;269&#8243; alignment=&#8221;center&#8221;][vc_column_text lead=&#8221;yes&#8221; font_size=&#8221;12&#8243;]<\/p>\n<p style=\"text-align: center;\"><strong>Carlos del Pi\u00f1al<br \/>\n<\/strong>CEO at Husqvarna Group Division Consumer in Spain and Portugal<br \/>\n<strong>Treasurer <\/strong><\/p>\n<p>[\/vc_column_text][\/vc_column][\/vc_row][vc_row][vc_column width=&#8221;1\/4&#8243;][vc_single_image image=&#8221;31748&#8243; img_size=&#8221;224&#215;269&#8243;][vc_column_text lead=&#8221;yes&#8221; font_size=&#8221;12&#8243;]<\/p>\n<p style=\"text-align: center;\"><strong>Anna Areny<br \/>\n<\/strong>Managing Director at CIRET<br \/>\n<strong>Board Member\u00a0<\/strong><\/p>\n<p>[\/vc_column_text][\/vc_column][vc_column width=&#8221;1\/4&#8243;][vc_single_image image=&#8221;24417&#8243; img_size=&#8221;224&#215;269&#8243;][vc_column_text lead=&#8221;yes&#8221; font_size=&#8221;12&#8243;]<\/p>\n<p style=\"text-align: center;\"><strong>\u00cd\u00f1igo Garc\u00eda<br \/>\n<\/strong>Regional Sales Manager Iberia Gorilla Glue<br \/>\n<strong>Board Member\u00a0<\/strong><\/p>\n<p>[\/vc_column_text][\/vc_column][vc_column width=&#8221;1\/4&#8243;][vc_single_image image=&#8221;35522&#8243; img_size=&#8221;224&#215;269&#8243;][vc_column_text lead=&#8221;yes&#8221; font_size=&#8221;12&#8243;]<\/p>\n<p style=\"text-align: center;\"><strong>Larraitz Larra\u00f1aga<br \/>\n<\/strong>Marketing and New Products Director at Bellota<br \/>\n<strong>Board Member\u00a0<\/strong><\/p>\n<p>[\/vc_column_text][\/vc_column][vc_column width=&#8221;1\/4&#8243;][vc_single_image image=&#8221;18295&#8243; img_size=&#8221;224&#215;269&#8243; alignment=&#8221;center&#8221;][vc_column_text lead=&#8221;yes&#8221; font_size=&#8221;12&#8243;]<\/p>\n<p style=\"text-align: center;\"><strong>C\u00e9sar Navarro<br \/>\n<\/strong>President of Grupo Cintacor &#8211; StorPlanet<br \/>\n<strong>Board Member<\/strong><\/p>\n<p>[\/vc_column_text][\/vc_column][\/vc_row][vc_row][vc_column width=&#8221;1\/4&#8243;][vc_single_image image=&#8221;24420&#8243; img_size=&#8221;224&#215;269&#8243; alignment=&#8221;center&#8221;][vc_column_text lead=&#8221;yes&#8221; font_size=&#8221;12&#8243;]<\/p>\n<p style=\"text-align: center;\"><strong>Juan Pedro Resino<br \/>\n<\/strong>Country Manager Iberia Latam Wolfcraft<br \/>\n<strong>Board Member\u00a0<\/strong><\/p>\n<p>[\/vc_column_text][\/vc_column][vc_column width=&#8221;1\/4&#8243;][vc_single_image image=&#8221;35525&#8243; img_size=&#8221;224&#215;269&#8243; alignment=&#8221;center&#8221;][vc_column_text lead=&#8221;yes&#8221; font_size=&#8221;12&#8243;]<\/p>\n<p style=\"text-align: center;\"><strong>\u00d3scar Sinca<br \/>\n<\/strong>Managing Director Compo Iberia<br \/>\n<strong>Board Member\u00a0<\/strong><\/p>\n<p>[\/vc_column_text][\/vc_column][vc_column width=&#8221;1\/4&#8243;][\/vc_column][vc_column width=&#8221;1\/4&#8243;][\/vc_column][\/vc_row]<\/p>\n<\/div>","protected":false},"excerpt":{"rendered":"<p>[vc_row padding_top=&#8221;0&#8243; padding_bottom=&#8221;0&#8243;][vc_column][rev_slider_vc alias=&#8221;fancy-header-services&#8221;][\/vc_column][\/vc_row][vc_row padding_bottom=&#8221;5&#8243;][vc_column width=&#8221;1\/4&#8243;][vc_single_image image=&#8221;26561&#8243; img_size=&#8221;224&#215;269&#8243; alignment=&#8221;center&#8221;][vc_column_text lead=&#8221;yes&#8221; font_size=&#8221;12&#8243;] Carlos Martin Director General WD40 President [\/vc_column_text][\/vc_column][vc_column width=&#8221;1\/4&#8243;][vc_single_image image=&#8221;18310&#8243; img_size=&#8221;224&#215;269&#8243; alignment=&#8221;center&#8221;][vc_column_text lead=&#8221;yes&#8221; font_size=&#8221;12&#8243;] Olga Fuertes CEO at\u00a0Montana Colors Vice president AFEB [\/vc_column_text][\/vc_column][vc_column width=&#8221;1\/4&#8243;][vc_single_image image=&#8221;18289&#8243; img_size=&#8221;224&#215;269&#8243; alignment=&#8221;center&#8221;][vc_column_text lead=&#8221;yes&#8221; font_size=&#8221;12&#8243;] Marta Omedes Association Manager General Secretary at AFEB [\/vc_column_text][\/vc_column][vc_column width=&#8221;1\/4&#8243;][vc_single_image image=&#8221;18319&#8243; img_size=&#8221;224&#215;269&#8243; alignment=&#8221;center&#8221;][vc_column_text lead=&#8221;yes&#8221; font_size=&#8221;12&#8243;] Carlos del Pi\u00f1al CEO at Husqvarna [&hellip;]<\/p>\n","protected":false},"author":1,"featured_media":0,"parent":0,"menu_order":0,"comment_status":"open","ping_status":"closed","template":"page-templates\/full-width.php","meta":[],"acf":[],"yoast_head":"<!-- This site is optimized with the Yoast SEO plugin v20.9 - https:\/\/yoast.com\/wordpress\/plugins\/seo\/ -->\n<title>Directive Board - AFEB<\/title>\n<meta name=\"robots\" content=\"index, follow, max-snippet:-1, max-image-preview:large, max-video-preview:-1\" \/>\n<link rel=\"canonical\" href=\"https:\/\/brico-afeb.com\/en\/directive-board\/\" \/>\n<meta property=\"og:locale\" content=\"en_US\" \/>\n<meta property=\"og:type\" content=\"article\" \/>\n<meta property=\"og:title\" content=\"Directive Board - AFEB\" \/>\n<meta property=\"og:description\" content=\"[vc_row padding_top=&#8221;0&#8243; padding_bottom=&#8221;0&#8243;][vc_column][rev_slider_vc alias=&#8221;fancy-header-services&#8221;][\/vc_column][\/vc_row][vc_row padding_bottom=&#8221;5&#8243;][vc_column width=&#8221;1\/4&#8243;][vc_single_image image=&#8221;26561&#8243; img_size=&#8221;224&#215;269&#8243; alignment=&#8221;center&#8221;][vc_column_text lead=&#8221;yes&#8221; font_size=&#8221;12&#8243;] Carlos Martin Director General WD40 President [\/vc_column_text][\/vc_column][vc_column width=&#8221;1\/4&#8243;][vc_single_image image=&#8221;18310&#8243; img_size=&#8221;224&#215;269&#8243; alignment=&#8221;center&#8221;][vc_column_text lead=&#8221;yes&#8221; font_size=&#8221;12&#8243;] Olga Fuertes CEO at\u00a0Montana Colors Vice president AFEB [\/vc_column_text][\/vc_column][vc_column width=&#8221;1\/4&#8243;][vc_single_image image=&#8221;18289&#8243; img_size=&#8221;224&#215;269&#8243; alignment=&#8221;center&#8221;][vc_column_text lead=&#8221;yes&#8221; font_size=&#8221;12&#8243;] Marta Omedes Association Manager General Secretary at AFEB [\/vc_column_text][\/vc_column][vc_column width=&#8221;1\/4&#8243;][vc_single_image image=&#8221;18319&#8243; img_size=&#8221;224&#215;269&#8243; alignment=&#8221;center&#8221;][vc_column_text lead=&#8221;yes&#8221; font_size=&#8221;12&#8243;] Carlos del Pi\u00f1al CEO at Husqvarna [&hellip;]\" \/>\n<meta property=\"og:url\" content=\"https:\/\/brico-afeb.com\/en\/directive-board\/\" \/>\n<meta property=\"og:site_name\" content=\"AFEB\" \/>\n<meta property=\"article:modified_time\" content=\"2025-08-29T12:55:31+00:00\" \/>\n<meta name=\"twitter:card\" content=\"summary_large_image\" \/>\n<meta name=\"twitter:label1\" content=\"Est. reading time\" \/>\n\t<meta name=\"twitter:data1\" content=\"1 minute\" \/>\n<script type=\"application\/ld+json\" class=\"yoast-schema-graph\">{\"@context\":\"https:\/\/schema.org\",\"@graph\":[{\"@type\":\"WebPage\",\"@id\":\"https:\/\/brico-afeb.com\/en\/directive-board\/\",\"url\":\"https:\/\/brico-afeb.com\/en\/directive-board\/\",\"name\":\"Directive Board - AFEB\",\"isPartOf\":{\"@id\":\"https:\/\/brico-afeb.com\/en\/#website\"},\"datePublished\":\"2014-08-20T12:52:36+00:00\",\"dateModified\":\"2025-08-29T12:55:31+00:00\",\"breadcrumb\":{\"@id\":\"https:\/\/brico-afeb.com\/en\/directive-board\/#breadcrumb\"},\"inLanguage\":\"en-US\",\"potentialAction\":[{\"@type\":\"ReadAction\",\"target\":[\"https:\/\/brico-afeb.com\/en\/directive-board\/\"]}]},{\"@type\":\"BreadcrumbList\",\"@id\":\"https:\/\/brico-afeb.com\/en\/directive-board\/#breadcrumb\",\"itemListElement\":[{\"@type\":\"ListItem\",\"position\":1,\"name\":\"Portada\",\"item\":\"https:\/\/brico-afeb.com\/en\/\"},{\"@type\":\"ListItem\",\"position\":2,\"name\":\"Directive Board\"}]},{\"@type\":\"WebSite\",\"@id\":\"https:\/\/brico-afeb.com\/en\/#website\",\"url\":\"https:\/\/brico-afeb.com\/en\/\",\"name\":\"AFEB\",\"description\":\"Asociaci\u00f3n de Fabricantes de Bricolaje y Ferreter\u00eda\",\"potentialAction\":[{\"@type\":\"SearchAction\",\"target\":{\"@type\":\"EntryPoint\",\"urlTemplate\":\"https:\/\/brico-afeb.com\/en\/?s={search_term_string}\"},\"query-input\":\"required name=search_term_string\"}],\"inLanguage\":\"en-US\"}]}<\/script>\n<!-- \/ Yoast SEO plugin. -->","yoast_head_json":{"title":"Directive Board - AFEB","robots":{"index":"index","follow":"follow","max-snippet":"max-snippet:-1","max-image-preview":"max-image-preview:large","max-video-preview":"max-video-preview:-1"},"canonical":"https:\/\/brico-afeb.com\/en\/directive-board\/","og_locale":"en_US","og_type":"article","og_title":"Directive Board - AFEB","og_description":"[vc_row padding_top=&#8221;0&#8243; padding_bottom=&#8221;0&#8243;][vc_column][rev_slider_vc alias=&#8221;fancy-header-services&#8221;][\/vc_column][\/vc_row][vc_row padding_bottom=&#8221;5&#8243;][vc_column width=&#8221;1\/4&#8243;][vc_single_image image=&#8221;26561&#8243; img_size=&#8221;224&#215;269&#8243; alignment=&#8221;center&#8221;][vc_column_text lead=&#8221;yes&#8221; font_size=&#8221;12&#8243;] Carlos Martin Director General WD40 President [\/vc_column_text][\/vc_column][vc_column width=&#8221;1\/4&#8243;][vc_single_image image=&#8221;18310&#8243; img_size=&#8221;224&#215;269&#8243; alignment=&#8221;center&#8221;][vc_column_text lead=&#8221;yes&#8221; font_size=&#8221;12&#8243;] Olga Fuertes CEO at\u00a0Montana Colors Vice president AFEB [\/vc_column_text][\/vc_column][vc_column width=&#8221;1\/4&#8243;][vc_single_image image=&#8221;18289&#8243; img_size=&#8221;224&#215;269&#8243; alignment=&#8221;center&#8221;][vc_column_text lead=&#8221;yes&#8221; font_size=&#8221;12&#8243;] Marta Omedes Association Manager General Secretary at AFEB [\/vc_column_text][\/vc_column][vc_column width=&#8221;1\/4&#8243;][vc_single_image image=&#8221;18319&#8243; img_size=&#8221;224&#215;269&#8243; alignment=&#8221;center&#8221;][vc_column_text lead=&#8221;yes&#8221; font_size=&#8221;12&#8243;] Carlos del Pi\u00f1al CEO at Husqvarna [&hellip;]","og_url":"https:\/\/brico-afeb.com\/en\/directive-board\/","og_site_name":"AFEB","article_modified_time":"2025-08-29T12:55:31+00:00","twitter_card":"summary_large_image","twitter_misc":{"Est. reading time":"1 minute"},"schema":{"@context":"https:\/\/schema.org","@graph":[{"@type":"WebPage","@id":"https:\/\/brico-afeb.com\/en\/directive-board\/","url":"https:\/\/brico-afeb.com\/en\/directive-board\/","name":"Directive Board - AFEB","isPartOf":{"@id":"https:\/\/brico-afeb.com\/en\/#website"},"datePublished":"2014-08-20T12:52:36+00:00","dateModified":"2025-08-29T12:55:31+00:00","breadcrumb":{"@id":"https:\/\/brico-afeb.com\/en\/directive-board\/#breadcrumb"},"inLanguage":"en-US","potentialAction":[{"@type":"ReadAction","target":["https:\/\/brico-afeb.com\/en\/directive-board\/"]}]},{"@type":"BreadcrumbList","@id":"https:\/\/brico-afeb.com\/en\/directive-board\/#breadcrumb","itemListElement":[{"@type":"ListItem","position":1,"name":"Portada","item":"https:\/\/brico-afeb.com\/en\/"},{"@type":"ListItem","position":2,"name":"Directive Board"}]},{"@type":"WebSite","@id":"https:\/\/brico-afeb.com\/en\/#website","url":"https:\/\/brico-afeb.com\/en\/","name":"AFEB","description":"Asociaci\u00f3n de Fabricantes de Bricolaje y Ferreter\u00eda","potentialAction":[{"@type":"SearchAction","target":{"@type":"EntryPoint","urlTemplate":"https:\/\/brico-afeb.com\/en\/?s={search_term_string}"},"query-input":"required name=search_term_string"}],"inLanguage":"en-US"}]}},"_links":{"self":[{"href":"https:\/\/brico-afeb.com\/en\/wp-json\/wp\/v2\/pages\/8026"}],"collection":[{"href":"https:\/\/brico-afeb.com\/en\/wp-json\/wp\/v2\/pages"}],"about":[{"href":"https:\/\/brico-afeb.com\/en\/wp-json\/wp\/v2\/types\/page"}],"author":[{"embeddable":true,"href":"https:\/\/brico-afeb.com\/en\/wp-json\/wp\/v2\/users\/1"}],"replies":[{"embeddable":true,"href":"https:\/\/brico-afeb.com\/en\/wp-json\/wp\/v2\/comments?post=8026"}],"version-history":[{"count":16,"href":"https:\/\/brico-afeb.com\/en\/wp-json\/wp\/v2\/pages\/8026\/revisions"}],"predecessor-version":[{"id":35535,"href":"https:\/\/brico-afeb.com\/en\/wp-json\/wp\/v2\/pages\/8026\/revisions\/35535"}],"wp:attachment":[{"href":"https:\/\/brico-afeb.com\/en\/wp-json\/wp\/v2\/media?parent=8026"}],"curies":[{"name":"wp","href":"https:\/\/api.w.org\/{rel}","templated":true}]}}