{"id":9790,"date":"2016-03-01T13:58:11","date_gmt":"2016-03-01T12:58:11","guid":{"rendered":"http:\/\/brico-afeb.com\/en\/afeb-recommends\/raiz-ferretera\/"},"modified":"2025-09-22T10:22:42","modified_gmt":"2025-09-22T09:22:42","slug":"daterium-system","status":"publish","type":"page","link":"https:\/\/brico-afeb.com\/en\/daterium-system\/","title":{"rendered":"DATERIUM SYSTEM"},"content":{"rendered":"<div class=\"wpb-content-wrapper\"><p>[vc_row full_width=&#8221;&#8221;][vc_column width=&#8221;1\/2&#8243;][vc_single_image image=&#8221;12984&#8243; img_size=&#8221;full&#8221; onclick=&#8221;custom_link&#8221; link=&#8221;https:\/\/www.dateriumsystem.com\/&#8221;][\/vc_column][vc_column width=&#8221;1\/2&#8243;][vc_column_text]<\/p>\n<div class=\"page\" title=\"Page 4\">\n<div class=\"section\">\n<div class=\"layoutArea\">\n<div class=\"column\">\n<p>La digitalizaci\u00f3n es el nuevo gran motor de generaci\u00f3n de riqueza y empleo. El dato disponible, de calidad, es imprescindible en esta nueva era digital.\u00a0<strong>NO DATA NO BUSINESS<\/strong>, sin datos no hay negocio.<\/p>\n<p>De esta necesidad surge <strong>DATERIUM SYSTEM<\/strong> (anteriormente Raiz<strong><em>f<\/em><\/strong>erretera).<\/p>\n<h4><strong>\u00a0<\/strong><\/h4>\n<\/div>\n<\/div>\n<\/div>\n<\/div>\n<p>[\/vc_column_text][\/vc_column][\/vc_row][vc_row padding_top=&#8221;0&#8243; full_width=&#8221;&#8221;][vc_column][vc_column_text]Nuestra Misi\u00f3n es <strong>Automatizar el flujo de informaci\u00f3n producto<\/strong> con un dato estructurado y de calidad, para facilitar la conexi\u00f3n digital entre fabricantes, distribuidores y clientes finales, dentro del sector de Ferreter\u00eda, Suministro y acondicionamiento del hogar.<\/p>\n<p>La atomizaci\u00f3n del sector hace necesaria una prestaci\u00f3n de <strong>servicio de conectividad<\/strong> entre fabricantes y distribuidores<\/p>\n<p>Una soluci\u00f3n individual solo desde el fabricante no es suficiente, pues obliga al distribuidor a una gesti\u00f3n individual con cada uno de sus proveedores, dando como resultado una multitud de procesos ingestionables.<\/p>\n<p>Por eso la soluci\u00f3n es centralizar esta gesti\u00f3n en la plataforma <strong>Daterium Product<\/strong><\/p>\n<p>Que nos permite a todos ser m\u00e1s productivos, capitalizando nuestros recursos y nuestras energ\u00edas en los proyectos con Aportaci\u00f3n de Valor.<\/p>\n<h3>DATERIUM PRODUCT<\/h3>\n<p><strong>INTERCONECTIVIDAD<\/strong><\/p>\n<ul>\n<li>Integraci\u00f3n de informaci\u00f3n<\/li>\n<li>Integraci\u00f3n de activos digitales\n<ul>\n<li>imagen, documento, videos<\/li>\n<\/ul>\n<\/li>\n<li>Actualizaciones en masa o individual<\/li>\n<li>Mejora de productividad<\/li>\n<li>Control de distribuci\u00f3n de informaci\u00f3n<\/li>\n<li>Reducir el tiempo de gesti\u00f3n ADHOC de demandas<\/li>\n<\/ul>\n<p><strong>CALIDAD DEL DATO<\/strong><\/p>\n<ul>\n<li>Gu\u00eda de estilos (datos homog\u00e9neos)<\/li>\n<li>Calidad de la informaci\u00f3n<\/li>\n<li>Informes de calidad:\n<ul>\n<li>Completitud de informaci\u00f3n<\/li>\n<li>Consistencia de informaci\u00f3n<\/li>\n<li>Coherencia de informaci\u00f3n<\/li>\n<\/ul>\n<\/li>\n<\/ul>\n<p>La transformaci\u00f3n digital de las empresas pasa por procesos de digitalizaci\u00f3n, DATERIUM SYSTEM ampl\u00eda su oferta de servicios con la incorporaci\u00f3n de Armando Orihuela ofreciendo servicios de Consultor\u00eda personalizados<\/p>\n<p>&nbsp;<\/p>\n<h3>DATERIUM CONSULTING<\/h3>\n<p><strong>MEJORA DE PROCESOS<\/strong><\/p>\n<ul>\n<li>Propuestas de organizaci\u00f3n<\/li>\n<li>Definici\u00f3n de responsabilidades<\/li>\n<li>KPI de seguimiento<\/li>\n<li>Optimizar tiempo de gesti\u00f3n de demandas de informaci\u00f3n estandarizadas<\/li>\n<\/ul>\n<p><strong>SOPORTE TRANSVERSAL<\/strong><\/p>\n<ul>\n<li>Traductor de necesidades\n<ul>\n<li>Negocio vs IT Sistemas<\/li>\n<\/ul>\n<\/li>\n<li>Apoyo en selecci\u00f3n e integraci\u00f3n (PIM, DAM)<\/li>\n<li>M\u00e9todo de Priorizaci\u00f3n de familias\n<ul>\n<li>Definici\u00f3n Dato necesario<\/li>\n<\/ul>\n<\/li>\n<\/ul>\n<p><em>DATERIUM SYSTEM aplicar\u00e1 a los asociados de AFEB un descuento m\u00ednimo del 5% sobre la tarifa vigente en todas las modalidades de prestaci\u00f3n de servicio para <strong>Daterium Product<\/strong>.<\/em><\/p>\n<p><strong>Direcci\u00f3n de contacto para asociados de AFEB:<\/strong><\/p>\n<p>Armando Orihuela<br \/>\n<a href=\"mailto:armando.orihuela@dateriumsystem.com\">armando.orihuela@dateriumsystem.com<\/a><\/p>\n<p>650 607 009 \/ 91 625 6238<\/p>\n<p>Joel Rohaut<br \/>\n<a href=\"mailto:joel.rohaut@dateriumsystem.com\">joel.rohaut@dateriumsystem.com<br \/>\n<\/a>673 871 473 \/ 93 300 2606<\/p>\n<p><strong>M\u00e1s informaci\u00f3n:<\/strong><\/p>\n<p><a href=\"http:\/\/www.dateriumsystem.com\">www.dateriumsystem.com<\/a>[\/vc_column_text][\/vc_column][\/vc_row]<\/p>\n<\/div>","protected":false},"excerpt":{"rendered":"<p>[vc_row full_width=&#8221;&#8221;][vc_column width=&#8221;1\/2&#8243;][vc_single_image image=&#8221;12984&#8243; img_size=&#8221;full&#8221; onclick=&#8221;custom_link&#8221; link=&#8221;https:\/\/www.dateriumsystem.com\/&#8221;][\/vc_column][vc_column width=&#8221;1\/2&#8243;][vc_column_text] La digitalizaci\u00f3n es el nuevo gran motor de generaci\u00f3n de riqueza y empleo. El dato disponible, de calidad, es imprescindible en esta nueva era digital.\u00a0NO DATA NO BUSINESS, sin datos no hay negocio. De esta necesidad surge DATERIUM SYSTEM (anteriormente Raizferretera). \u00a0 [\/vc_column_text][\/vc_column][\/vc_row][vc_row padding_top=&#8221;0&#8243; full_width=&#8221;&#8221;][vc_column][vc_column_text]Nuestra Misi\u00f3n es Automatizar el flujo de informaci\u00f3n [&hellip;]<\/p>\n","protected":false},"author":1,"featured_media":0,"parent":0,"menu_order":0,"comment_status":"closed","ping_status":"closed","template":"page-templates\/full-width.php","meta":[],"acf":[],"yoast_head":"<!-- This site is optimized with the Yoast SEO plugin v20.9 - https:\/\/yoast.com\/wordpress\/plugins\/seo\/ -->\n<title>DATERIUM SYSTEM - AFEB<\/title>\n<meta name=\"robots\" content=\"index, follow, max-snippet:-1, max-image-preview:large, max-video-preview:-1\" \/>\n<link rel=\"canonical\" href=\"https:\/\/brico-afeb.com\/en\/daterium-system\/\" \/>\n<meta property=\"og:locale\" content=\"en_US\" \/>\n<meta property=\"og:type\" content=\"article\" \/>\n<meta property=\"og:title\" content=\"DATERIUM SYSTEM - AFEB\" \/>\n<meta property=\"og:description\" content=\"[vc_row full_width=&#8221;&#8221;][vc_column width=&#8221;1\/2&#8243;][vc_single_image image=&#8221;12984&#8243; img_size=&#8221;full&#8221; onclick=&#8221;custom_link&#8221; link=&#8221;https:\/\/www.dateriumsystem.com\/&#8221;][\/vc_column][vc_column width=&#8221;1\/2&#8243;][vc_column_text] La digitalizaci\u00f3n es el nuevo gran motor de generaci\u00f3n de riqueza y empleo. El dato disponible, de calidad, es imprescindible en esta nueva era digital.\u00a0NO DATA NO BUSINESS, sin datos no hay negocio. De esta necesidad surge DATERIUM SYSTEM (anteriormente Raizferretera). \u00a0 [\/vc_column_text][\/vc_column][\/vc_row][vc_row padding_top=&#8221;0&#8243; full_width=&#8221;&#8221;][vc_column][vc_column_text]Nuestra Misi\u00f3n es Automatizar el flujo de informaci\u00f3n [&hellip;]\" \/>\n<meta property=\"og:url\" content=\"https:\/\/brico-afeb.com\/en\/daterium-system\/\" \/>\n<meta property=\"og:site_name\" content=\"AFEB\" \/>\n<meta property=\"article:modified_time\" content=\"2025-09-22T09:22:42+00:00\" \/>\n<meta name=\"twitter:card\" content=\"summary_large_image\" \/>\n<meta name=\"twitter:label1\" content=\"Est. reading time\" \/>\n\t<meta name=\"twitter:data1\" content=\"2 minutes\" \/>\n<script type=\"application\/ld+json\" class=\"yoast-schema-graph\">{\"@context\":\"https:\/\/schema.org\",\"@graph\":[{\"@type\":\"WebPage\",\"@id\":\"https:\/\/brico-afeb.com\/en\/daterium-system\/\",\"url\":\"https:\/\/brico-afeb.com\/en\/daterium-system\/\",\"name\":\"DATERIUM SYSTEM - AFEB\",\"isPartOf\":{\"@id\":\"https:\/\/brico-afeb.com\/en\/#website\"},\"datePublished\":\"2016-03-01T12:58:11+00:00\",\"dateModified\":\"2025-09-22T09:22:42+00:00\",\"breadcrumb\":{\"@id\":\"https:\/\/brico-afeb.com\/en\/daterium-system\/#breadcrumb\"},\"inLanguage\":\"en-US\",\"potentialAction\":[{\"@type\":\"ReadAction\",\"target\":[\"https:\/\/brico-afeb.com\/en\/daterium-system\/\"]}]},{\"@type\":\"BreadcrumbList\",\"@id\":\"https:\/\/brico-afeb.com\/en\/daterium-system\/#breadcrumb\",\"itemListElement\":[{\"@type\":\"ListItem\",\"position\":1,\"name\":\"Portada\",\"item\":\"https:\/\/brico-afeb.com\/en\/\"},{\"@type\":\"ListItem\",\"position\":2,\"name\":\"DATERIUM SYSTEM\"}]},{\"@type\":\"WebSite\",\"@id\":\"https:\/\/brico-afeb.com\/en\/#website\",\"url\":\"https:\/\/brico-afeb.com\/en\/\",\"name\":\"AFEB\",\"description\":\"Asociaci\u00f3n de Fabricantes de Bricolaje y Ferreter\u00eda\",\"potentialAction\":[{\"@type\":\"SearchAction\",\"target\":{\"@type\":\"EntryPoint\",\"urlTemplate\":\"https:\/\/brico-afeb.com\/en\/?s={search_term_string}\"},\"query-input\":\"required name=search_term_string\"}],\"inLanguage\":\"en-US\"}]}<\/script>\n<!-- \/ Yoast SEO plugin. -->","yoast_head_json":{"title":"DATERIUM SYSTEM - AFEB","robots":{"index":"index","follow":"follow","max-snippet":"max-snippet:-1","max-image-preview":"max-image-preview:large","max-video-preview":"max-video-preview:-1"},"canonical":"https:\/\/brico-afeb.com\/en\/daterium-system\/","og_locale":"en_US","og_type":"article","og_title":"DATERIUM SYSTEM - AFEB","og_description":"[vc_row full_width=&#8221;&#8221;][vc_column width=&#8221;1\/2&#8243;][vc_single_image image=&#8221;12984&#8243; img_size=&#8221;full&#8221; onclick=&#8221;custom_link&#8221; link=&#8221;https:\/\/www.dateriumsystem.com\/&#8221;][\/vc_column][vc_column width=&#8221;1\/2&#8243;][vc_column_text] La digitalizaci\u00f3n es el nuevo gran motor de generaci\u00f3n de riqueza y empleo. El dato disponible, de calidad, es imprescindible en esta nueva era digital.\u00a0NO DATA NO BUSINESS, sin datos no hay negocio. De esta necesidad surge DATERIUM SYSTEM (anteriormente Raizferretera). \u00a0 [\/vc_column_text][\/vc_column][\/vc_row][vc_row padding_top=&#8221;0&#8243; full_width=&#8221;&#8221;][vc_column][vc_column_text]Nuestra Misi\u00f3n es Automatizar el flujo de informaci\u00f3n [&hellip;]","og_url":"https:\/\/brico-afeb.com\/en\/daterium-system\/","og_site_name":"AFEB","article_modified_time":"2025-09-22T09:22:42+00:00","twitter_card":"summary_large_image","twitter_misc":{"Est. reading time":"2 minutes"},"schema":{"@context":"https:\/\/schema.org","@graph":[{"@type":"WebPage","@id":"https:\/\/brico-afeb.com\/en\/daterium-system\/","url":"https:\/\/brico-afeb.com\/en\/daterium-system\/","name":"DATERIUM SYSTEM - AFEB","isPartOf":{"@id":"https:\/\/brico-afeb.com\/en\/#website"},"datePublished":"2016-03-01T12:58:11+00:00","dateModified":"2025-09-22T09:22:42+00:00","breadcrumb":{"@id":"https:\/\/brico-afeb.com\/en\/daterium-system\/#breadcrumb"},"inLanguage":"en-US","potentialAction":[{"@type":"ReadAction","target":["https:\/\/brico-afeb.com\/en\/daterium-system\/"]}]},{"@type":"BreadcrumbList","@id":"https:\/\/brico-afeb.com\/en\/daterium-system\/#breadcrumb","itemListElement":[{"@type":"ListItem","position":1,"name":"Portada","item":"https:\/\/brico-afeb.com\/en\/"},{"@type":"ListItem","position":2,"name":"DATERIUM SYSTEM"}]},{"@type":"WebSite","@id":"https:\/\/brico-afeb.com\/en\/#website","url":"https:\/\/brico-afeb.com\/en\/","name":"AFEB","description":"Asociaci\u00f3n de Fabricantes de Bricolaje y Ferreter\u00eda","potentialAction":[{"@type":"SearchAction","target":{"@type":"EntryPoint","urlTemplate":"https:\/\/brico-afeb.com\/en\/?s={search_term_string}"},"query-input":"required name=search_term_string"}],"inLanguage":"en-US"}]}},"_links":{"self":[{"href":"https:\/\/brico-afeb.com\/en\/wp-json\/wp\/v2\/pages\/9790"}],"collection":[{"href":"https:\/\/brico-afeb.com\/en\/wp-json\/wp\/v2\/pages"}],"about":[{"href":"https:\/\/brico-afeb.com\/en\/wp-json\/wp\/v2\/types\/page"}],"author":[{"embeddable":true,"href":"https:\/\/brico-afeb.com\/en\/wp-json\/wp\/v2\/users\/1"}],"replies":[{"embeddable":true,"href":"https:\/\/brico-afeb.com\/en\/wp-json\/wp\/v2\/comments?post=9790"}],"version-history":[{"count":2,"href":"https:\/\/brico-afeb.com\/en\/wp-json\/wp\/v2\/pages\/9790\/revisions"}],"predecessor-version":[{"id":35613,"href":"https:\/\/brico-afeb.com\/en\/wp-json\/wp\/v2\/pages\/9790\/revisions\/35613"}],"wp:attachment":[{"href":"https:\/\/brico-afeb.com\/en\/wp-json\/wp\/v2\/media?parent=9790"}],"curies":[{"name":"wp","href":"https:\/\/api.w.org\/{rel}","templated":true}]}}