{"id":11943,"date":"2017-11-24T01:10:21","date_gmt":"2017-11-24T00:10:21","guid":{"rendered":"https:\/\/brico-afeb.com\/afeb-recomenda\/abaccus\/"},"modified":"2017-11-27T12:26:05","modified_gmt":"2017-11-27T11:26:05","slug":"abaccus","status":"publish","type":"page","link":"https:\/\/brico-afeb.com\/pt-pt\/afeb-recomenda\/abaccus\/","title":{"rendered":"ABACCUS"},"content":{"rendered":"<div class=\"wpb-content-wrapper\"><p>[vc_row][vc_column width=&#8221;1\/2&#8243;][vc_single_image image=&#8221;11936&#8243; img_size=&#8221;&#8221;][\/vc_column][vc_column width=&#8221;1\/2&#8243;][vc_column_text letter_spacing=&#8221;&#8221;]<strong>A ABACCUS \u00e9 uma consultora especializada em gest\u00e3o do circulante, desde um ponto de vista do risco de cr\u00e9dito, financiamento, divisas e garantias frente a terceiros (particulares ou administra\u00e7\u00e3o).\u00a0<\/strong>[\/vc_column_text][\/vc_column][\/vc_row][vc_row][vc_column][vc_column_text letter_spacing=&#8221;&#8221;]<strong>Quem somos?\u00a0\u00a0\u00a0\u00a0\u00a0\u00a0 <\/strong><\/p>\n<p>Ajudamos desde PME a multinacionais, com uma fatura\u00e7\u00e3o global superior aos 2.500 milh\u00f5es de euros anuais.<\/p>\n<p>O nosso pessoal conta com mais de 20 anos de experi\u00eancia no mundo dos seguros de cr\u00e9dito, \u00a0Banca, contabilidade ou recupera\u00e7\u00e3o. A nossa rede de escrit\u00f3rios est\u00e1 distribu\u00edda por toda a Espanha, de forma a oferecermos um servi\u00e7o personalizado.<\/p>\n<p><strong>O que oferecemos?<\/strong><\/p>\n<p>Assessoria e negocia\u00e7\u00e3o com fornecedores, seja integral ou apenas numa \u00e1rea, de:<\/p>\n<p><strong>Gest\u00e3o do risco de cr\u00e9dito: <\/strong><\/p>\n<ul>\n<li>An\u00e1lise do risco de cr\u00e9dito<\/li>\n<li>Conseguimos coberturas \u00e0 medida dos nossos clientes, segundo a dimens\u00e3o do risco (gozamos de uma excelente reputa\u00e7\u00e3o, e conseguimos coberturas \u00e0 medida, sejam globais, parciais ou at\u00e9 individuais)<\/li>\n<li>Gest\u00e3o de cobro e recupera\u00e7\u00e3o, com \u00eaxito.<\/li>\n<\/ul>\n<p><strong>An\u00e1lise financeira e financiamento<\/strong>: Operamos com financiamento extra-banc\u00e1rio (fora da CIRBE &#8211; Central de Riscos do Banco de Espanha) e noutros casos com fatores (<em>factoring<\/em> como meio de financiamento e de gest\u00e3o do risco, sem recurso). Nacional e internacional.<\/p>\n<p><strong>Avales e garantias<\/strong>: Atrav\u00e9s de cau\u00e7\u00f5es. Avales t\u00e9cnicos e garantias frente a terceiros ou administra\u00e7\u00e3o (nacional e internacional), para garantir cl\u00e1usulas contratuais, atrasos em pagamentos ou impostos, licita\u00e7\u00f5es\u2026 N\u00e3o computa no CIRBE.<\/p>\n<p><strong>Divisas<\/strong>: Seguro de mudan\u00e7a. Todas as divisas. Fora do CIRBE.<\/p>\n<p>&nbsp;<\/p>\n<p><strong>Contato: <\/strong><\/p>\n<p>Pedro Pedre\u00f1o (<a href=\"mailto:pedro.pedreno@arccos.es\">pedro.pedreno@arccos.es<\/a>)<\/p>\n<p>620235712 &#8211;\u00a096 1105966[\/vc_column_text][\/vc_column][\/vc_row]<\/p>\n<\/div>","protected":false},"excerpt":{"rendered":"<p>[vc_row][vc_column width=&#8221;1\/2&#8243;][vc_single_image image=&#8221;11936&#8243; img_size=&#8221;&#8221;][\/vc_column][vc_column width=&#8221;1\/2&#8243;][vc_column_text letter_spacing=&#8221;&#8221;]A ABACCUS \u00e9 uma consultora especializada em gest\u00e3o do circulante, desde um ponto de vista do risco de cr\u00e9dito, financiamento, divisas e garantias frente a terceiros (particulares ou administra\u00e7\u00e3o).\u00a0[\/vc_column_text][\/vc_column][\/vc_row][vc_row][vc_column][vc_column_text letter_spacing=&#8221;&#8221;]Quem somos?\u00a0\u00a0\u00a0\u00a0\u00a0\u00a0 Ajudamos desde PME a multinacionais, com uma fatura\u00e7\u00e3o global superior aos 2.500 milh\u00f5es de euros anuais. O nosso pessoal conta com mais de 20 [&hellip;]<\/p>\n","protected":false},"author":1,"featured_media":0,"parent":8511,"menu_order":0,"comment_status":"closed","ping_status":"closed","template":"page-templates\/full-width.php","meta":[],"acf":[],"yoast_head":"<!-- This site is optimized with the Yoast SEO plugin v20.9 - https:\/\/yoast.com\/wordpress\/plugins\/seo\/ -->\n<title>ABACCUS - brico-afeb.com<\/title>\n<meta name=\"robots\" content=\"index, follow, max-snippet:-1, max-image-preview:large, max-video-preview:-1\" \/>\n<link rel=\"canonical\" href=\"https:\/\/brico-afeb.com\/pt-pt\/afeb-recomenda\/abaccus\/\" \/>\n<meta property=\"og:locale\" content=\"pt_PT\" \/>\n<meta property=\"og:type\" content=\"article\" \/>\n<meta property=\"og:title\" content=\"ABACCUS - brico-afeb.com\" \/>\n<meta property=\"og:description\" content=\"[vc_row][vc_column width=&#8221;1\/2&#8243;][vc_single_image image=&#8221;11936&#8243; img_size=&#8221;&#8221;][\/vc_column][vc_column width=&#8221;1\/2&#8243;][vc_column_text letter_spacing=&#8221;&#8221;]A ABACCUS \u00e9 uma consultora especializada em gest\u00e3o do circulante, desde um ponto de vista do risco de cr\u00e9dito, financiamento, divisas e garantias frente a terceiros (particulares ou administra\u00e7\u00e3o).\u00a0[\/vc_column_text][\/vc_column][\/vc_row][vc_row][vc_column][vc_column_text letter_spacing=&#8221;&#8221;]Quem somos?\u00a0\u00a0\u00a0\u00a0\u00a0\u00a0 Ajudamos desde PME a multinacionais, com uma fatura\u00e7\u00e3o global superior aos 2.500 milh\u00f5es de euros anuais. O nosso pessoal conta com mais de 20 [&hellip;]\" \/>\n<meta property=\"og:url\" content=\"https:\/\/brico-afeb.com\/pt-pt\/afeb-recomenda\/abaccus\/\" \/>\n<meta property=\"og:site_name\" content=\"brico-afeb.com\" \/>\n<meta property=\"article:modified_time\" content=\"2017-11-27T11:26:05+00:00\" \/>\n<meta name=\"twitter:card\" content=\"summary_large_image\" \/>\n<meta name=\"twitter:label1\" content=\"Tempo estimado de leitura\" \/>\n\t<meta name=\"twitter:data1\" content=\"2 minutos\" \/>\n<script type=\"application\/ld+json\" class=\"yoast-schema-graph\">{\"@context\":\"https:\/\/schema.org\",\"@graph\":[{\"@type\":\"WebPage\",\"@id\":\"https:\/\/brico-afeb.com\/pt-pt\/afeb-recomenda\/abaccus\/\",\"url\":\"https:\/\/brico-afeb.com\/pt-pt\/afeb-recomenda\/abaccus\/\",\"name\":\"ABACCUS - brico-afeb.com\",\"isPartOf\":{\"@id\":\"https:\/\/brico-afeb.com\/pt-pt\/#website\"},\"datePublished\":\"2017-11-24T00:10:21+00:00\",\"dateModified\":\"2017-11-27T11:26:05+00:00\",\"breadcrumb\":{\"@id\":\"https:\/\/brico-afeb.com\/pt-pt\/afeb-recomenda\/abaccus\/#breadcrumb\"},\"inLanguage\":\"pt-PT\",\"potentialAction\":[{\"@type\":\"ReadAction\",\"target\":[\"https:\/\/brico-afeb.com\/pt-pt\/afeb-recomenda\/abaccus\/\"]}]},{\"@type\":\"BreadcrumbList\",\"@id\":\"https:\/\/brico-afeb.com\/pt-pt\/afeb-recomenda\/abaccus\/#breadcrumb\",\"itemListElement\":[{\"@type\":\"ListItem\",\"position\":1,\"name\":\"Portada\",\"item\":\"https:\/\/brico-afeb.com\/pt-pt\/\"},{\"@type\":\"ListItem\",\"position\":2,\"name\":\"Fornecedores de Servi\u00e7os Recomendados\",\"item\":\"https:\/\/brico-afeb.com\/pt-pt\/afeb-recomenda\/\"},{\"@type\":\"ListItem\",\"position\":3,\"name\":\"ABACCUS\"}]},{\"@type\":\"WebSite\",\"@id\":\"https:\/\/brico-afeb.com\/pt-pt\/#website\",\"url\":\"https:\/\/brico-afeb.com\/pt-pt\/\",\"name\":\"brico-afeb.com\",\"description\":\"Asociaci\u00f3n de Fabricantes de Bricolaje y Ferreter\u00eda\",\"potentialAction\":[{\"@type\":\"SearchAction\",\"target\":{\"@type\":\"EntryPoint\",\"urlTemplate\":\"https:\/\/brico-afeb.com\/pt-pt\/?s={search_term_string}\"},\"query-input\":\"required name=search_term_string\"}],\"inLanguage\":\"pt-PT\"}]}<\/script>\n<!-- \/ Yoast SEO plugin. -->","yoast_head_json":{"title":"ABACCUS - brico-afeb.com","robots":{"index":"index","follow":"follow","max-snippet":"max-snippet:-1","max-image-preview":"max-image-preview:large","max-video-preview":"max-video-preview:-1"},"canonical":"https:\/\/brico-afeb.com\/pt-pt\/afeb-recomenda\/abaccus\/","og_locale":"pt_PT","og_type":"article","og_title":"ABACCUS - brico-afeb.com","og_description":"[vc_row][vc_column width=&#8221;1\/2&#8243;][vc_single_image image=&#8221;11936&#8243; img_size=&#8221;&#8221;][\/vc_column][vc_column width=&#8221;1\/2&#8243;][vc_column_text letter_spacing=&#8221;&#8221;]A ABACCUS \u00e9 uma consultora especializada em gest\u00e3o do circulante, desde um ponto de vista do risco de cr\u00e9dito, financiamento, divisas e garantias frente a terceiros (particulares ou administra\u00e7\u00e3o).\u00a0[\/vc_column_text][\/vc_column][\/vc_row][vc_row][vc_column][vc_column_text letter_spacing=&#8221;&#8221;]Quem somos?\u00a0\u00a0\u00a0\u00a0\u00a0\u00a0 Ajudamos desde PME a multinacionais, com uma fatura\u00e7\u00e3o global superior aos 2.500 milh\u00f5es de euros anuais. O nosso pessoal conta com mais de 20 [&hellip;]","og_url":"https:\/\/brico-afeb.com\/pt-pt\/afeb-recomenda\/abaccus\/","og_site_name":"brico-afeb.com","article_modified_time":"2017-11-27T11:26:05+00:00","twitter_card":"summary_large_image","twitter_misc":{"Tempo estimado de leitura":"2 minutos"},"schema":{"@context":"https:\/\/schema.org","@graph":[{"@type":"WebPage","@id":"https:\/\/brico-afeb.com\/pt-pt\/afeb-recomenda\/abaccus\/","url":"https:\/\/brico-afeb.com\/pt-pt\/afeb-recomenda\/abaccus\/","name":"ABACCUS - brico-afeb.com","isPartOf":{"@id":"https:\/\/brico-afeb.com\/pt-pt\/#website"},"datePublished":"2017-11-24T00:10:21+00:00","dateModified":"2017-11-27T11:26:05+00:00","breadcrumb":{"@id":"https:\/\/brico-afeb.com\/pt-pt\/afeb-recomenda\/abaccus\/#breadcrumb"},"inLanguage":"pt-PT","potentialAction":[{"@type":"ReadAction","target":["https:\/\/brico-afeb.com\/pt-pt\/afeb-recomenda\/abaccus\/"]}]},{"@type":"BreadcrumbList","@id":"https:\/\/brico-afeb.com\/pt-pt\/afeb-recomenda\/abaccus\/#breadcrumb","itemListElement":[{"@type":"ListItem","position":1,"name":"Portada","item":"https:\/\/brico-afeb.com\/pt-pt\/"},{"@type":"ListItem","position":2,"name":"Fornecedores de Servi\u00e7os Recomendados","item":"https:\/\/brico-afeb.com\/pt-pt\/afeb-recomenda\/"},{"@type":"ListItem","position":3,"name":"ABACCUS"}]},{"@type":"WebSite","@id":"https:\/\/brico-afeb.com\/pt-pt\/#website","url":"https:\/\/brico-afeb.com\/pt-pt\/","name":"brico-afeb.com","description":"Asociaci\u00f3n de Fabricantes de Bricolaje y Ferreter\u00eda","potentialAction":[{"@type":"SearchAction","target":{"@type":"EntryPoint","urlTemplate":"https:\/\/brico-afeb.com\/pt-pt\/?s={search_term_string}"},"query-input":"required name=search_term_string"}],"inLanguage":"pt-PT"}]}},"_links":{"self":[{"href":"https:\/\/brico-afeb.com\/pt-pt\/wp-json\/wp\/v2\/pages\/11943"}],"collection":[{"href":"https:\/\/brico-afeb.com\/pt-pt\/wp-json\/wp\/v2\/pages"}],"about":[{"href":"https:\/\/brico-afeb.com\/pt-pt\/wp-json\/wp\/v2\/types\/page"}],"author":[{"embeddable":true,"href":"https:\/\/brico-afeb.com\/pt-pt\/wp-json\/wp\/v2\/users\/1"}],"replies":[{"embeddable":true,"href":"https:\/\/brico-afeb.com\/pt-pt\/wp-json\/wp\/v2\/comments?post=11943"}],"version-history":[{"count":0,"href":"https:\/\/brico-afeb.com\/pt-pt\/wp-json\/wp\/v2\/pages\/11943\/revisions"}],"up":[{"embeddable":true,"href":"https:\/\/brico-afeb.com\/pt-pt\/wp-json\/wp\/v2\/pages\/8511"}],"wp:attachment":[{"href":"https:\/\/brico-afeb.com\/pt-pt\/wp-json\/wp\/v2\/media?parent=11943"}],"curies":[{"name":"wp","href":"https:\/\/api.w.org\/{rel}","templated":true}]}}