{"id":12357,"date":"2018-06-19T17:10:02","date_gmt":"2018-06-19T16:10:02","guid":{"rendered":"https:\/\/brico-afeb.com\/afeb-recomenda\/vincle\/"},"modified":"2018-06-28T17:36:21","modified_gmt":"2018-06-28T16:36:21","slug":"vincle","status":"publish","type":"page","link":"https:\/\/brico-afeb.com\/pt-pt\/vincle\/","title":{"rendered":"VINCLE"},"content":{"rendered":"<div class=\"wpb-content-wrapper\"><p>[vc_row][vc_column width=&#8221;1\/2&#8243;][vc_single_image image=&#8221;12351&#8243; img_size=&#8221;&#8221;][\/vc_column][vc_column width=&#8221;1\/2&#8243;][vc_column_text letter_spacing=&#8221;&#8221;]<strong>Vincle, software, vendedor com mais de 27 anos de experi\u00eancia, oferece solu\u00e7\u00f5es de software \u00e0s equipas de vendas para melhorar os processos comerciais com intuito de aumentar o volume de neg\u00f3cios e melhorar a sua rentabilidade.<\/strong>[\/vc_column_text][\/vc_column][\/vc_row][vc_row][vc_column][vc_column_text letter_spacing=&#8221;&#8221;]A variedade de produtos oferecida dentro da gama da Vincle cobre os diferentes canais de venda (pedidos, televenda, auditoria do ponto de venda, o portal distribuidor, entre outros) possibilitando partilhar todas as interac\u00e7\u00f5es que o cliente tem estabelecido com a empresa. Sendo esta uma plataforma virada a todos os canais &#8211; omnicanal (canais de venda online assim como off-line) garante uma experi\u00eancia \u00fanica para cada cliente permitindo aumentar a sua rentabilidade.<\/p>\n<p>Assim mesmo, Vincle conta com a \u00faltima tecnologia em Intelig\u00eancia Artificial com exemplos como o reconhecimento para verificar os KPIs do linear em tempo quase real. Inclui tamb\u00e9m assistentes virtuais que ajudam \u00e0 equipa comercial a melhorar o valor m\u00e9dio atrav\u00e9s de ac\u00e7\u00f5es de <em>upselling<\/em> e <em>cross selling<\/em> e tamb\u00e9m permitem \u00e0 equipa comercial se focar naqueles clientes com o <em>scoring<\/em> mais elevado, de entre outros exemplos.<\/p>\n<p>Vincle, sitiada na cidade de Barcelona e com escrit\u00f3rios em Madrid e C\u00e1dis conta com uma equipa de mais de 70 pessoas, mais de 28.000 usu\u00e1rios espalhados pelo mundo e de entre os seus clientes no sector do DIY h\u00e1 empresas como Beierdorf ou AC MARCA. Tamb\u00e9m fazem parte do elenco de clientes empresas de Grande Consumo e Pharma tais como Danone, Nestl\u00e9, Schweppes, Damm, Puig, Isdin ou Ordesa, entre outras.<\/p>\n<p><strong>O que podemos contribuir para os associados da AFEB?<\/strong><\/p>\n<p>Podemos dar valor aos associados de AFEB que desejem:<\/p>\n<ul>\n<li>Melhorar os seus processos comerciais e obter uma vis\u00e3o agregada, virada a todos os canais \u2013 omnicanal;<\/li>\n<li>Tramitar os pedidos do ponto de venda de uma forma mais \u00e1gil;<\/li>\n<li>Aumentar o volume de neg\u00f3cio por meio de ac\u00e7\u00f5es de cross selling e upselling no ponto de venda atrav\u00e9s do motor de promo\u00e7\u00e3o;<\/li>\n<li>Obter KPIs de relev\u00e2ncia do Ponto de Venda, bem sejam pr\u00f3prios ou de concorrentes, com a finalidade de melhorar a presen\u00e7a no linear por meio da \u00faltima gera\u00e7\u00e3o de tecnologia em mat\u00e9ria de reconhecimento de imagens;<\/li>\n<li>Propor e verificar o cumprimento promocional do ponto de venda;<\/li>\n<li>Potenciar a produtividade do ponto de venda;<\/li>\n<li>Refor\u00e7ar as vendas atrav\u00e9s de canais complementares como o caso de televenda, reparti\u00e7\u00e3o ou portal distribuidor.<\/li>\n<\/ul>\n<p><strong>Contacto<\/strong><\/p>\n<p>Nuno Bernardes<\/p>\n<p>Telefone: 934913837<\/p>\n<p>E-mail:\u00a0<a href=\"mailto:nuno.bernardes@vincle.es\">nuno.bernardes@vincle.es<\/a><\/p>\n<p><strong>Mais informa\u00e7\u00e3o<\/strong><\/p>\n<p><a href=\"http:\/\/www.vincle.es\/\">www.vincle.es<\/a>[\/vc_column_text][\/vc_column][\/vc_row]<\/p>\n<\/div>","protected":false},"excerpt":{"rendered":"<p>[vc_row][vc_column width=&#8221;1\/2&#8243;][vc_single_image image=&#8221;12351&#8243; img_size=&#8221;&#8221;][\/vc_column][vc_column width=&#8221;1\/2&#8243;][vc_column_text letter_spacing=&#8221;&#8221;]Vincle, software, vendedor com mais de 27 anos de experi\u00eancia, oferece solu\u00e7\u00f5es de software \u00e0s equipas de vendas para melhorar os processos comerciais com intuito de aumentar o volume de neg\u00f3cios e melhorar a sua rentabilidade.[\/vc_column_text][\/vc_column][\/vc_row][vc_row][vc_column][vc_column_text letter_spacing=&#8221;&#8221;]A variedade de produtos oferecida dentro da gama da Vincle cobre os diferentes canais de venda (pedidos, televenda, auditoria [&hellip;]<\/p>\n","protected":false},"author":1,"featured_media":0,"parent":0,"menu_order":0,"comment_status":"closed","ping_status":"closed","template":"page-templates\/full-width.php","meta":[],"acf":[],"yoast_head":"<!-- This site is optimized with the Yoast SEO plugin v20.9 - https:\/\/yoast.com\/wordpress\/plugins\/seo\/ -->\n<title>VINCLE - brico-afeb.com<\/title>\n<meta name=\"robots\" content=\"index, follow, max-snippet:-1, max-image-preview:large, max-video-preview:-1\" \/>\n<link rel=\"canonical\" href=\"https:\/\/brico-afeb.com\/pt-pt\/vincle\/\" \/>\n<meta property=\"og:locale\" content=\"pt_PT\" \/>\n<meta property=\"og:type\" content=\"article\" \/>\n<meta property=\"og:title\" content=\"VINCLE - brico-afeb.com\" \/>\n<meta property=\"og:description\" content=\"[vc_row][vc_column width=&#8221;1\/2&#8243;][vc_single_image image=&#8221;12351&#8243; img_size=&#8221;&#8221;][\/vc_column][vc_column width=&#8221;1\/2&#8243;][vc_column_text letter_spacing=&#8221;&#8221;]Vincle, software, vendedor com mais de 27 anos de experi\u00eancia, oferece solu\u00e7\u00f5es de software \u00e0s equipas de vendas para melhorar os processos comerciais com intuito de aumentar o volume de neg\u00f3cios e melhorar a sua rentabilidade.[\/vc_column_text][\/vc_column][\/vc_row][vc_row][vc_column][vc_column_text letter_spacing=&#8221;&#8221;]A variedade de produtos oferecida dentro da gama da Vincle cobre os diferentes canais de venda (pedidos, televenda, auditoria [&hellip;]\" \/>\n<meta property=\"og:url\" content=\"https:\/\/brico-afeb.com\/pt-pt\/vincle\/\" \/>\n<meta property=\"og:site_name\" content=\"brico-afeb.com\" \/>\n<meta property=\"article:modified_time\" content=\"2018-06-28T16:36:21+00:00\" \/>\n<meta name=\"twitter:card\" content=\"summary_large_image\" \/>\n<meta name=\"twitter:label1\" content=\"Tempo estimado de leitura\" \/>\n\t<meta name=\"twitter:data1\" content=\"2 minutos\" \/>\n<script type=\"application\/ld+json\" class=\"yoast-schema-graph\">{\"@context\":\"https:\/\/schema.org\",\"@graph\":[{\"@type\":\"WebPage\",\"@id\":\"https:\/\/brico-afeb.com\/pt-pt\/vincle\/\",\"url\":\"https:\/\/brico-afeb.com\/pt-pt\/vincle\/\",\"name\":\"VINCLE - brico-afeb.com\",\"isPartOf\":{\"@id\":\"https:\/\/brico-afeb.com\/pt-pt\/#website\"},\"datePublished\":\"2018-06-19T16:10:02+00:00\",\"dateModified\":\"2018-06-28T16:36:21+00:00\",\"breadcrumb\":{\"@id\":\"https:\/\/brico-afeb.com\/pt-pt\/vincle\/#breadcrumb\"},\"inLanguage\":\"pt-PT\",\"potentialAction\":[{\"@type\":\"ReadAction\",\"target\":[\"https:\/\/brico-afeb.com\/pt-pt\/vincle\/\"]}]},{\"@type\":\"BreadcrumbList\",\"@id\":\"https:\/\/brico-afeb.com\/pt-pt\/vincle\/#breadcrumb\",\"itemListElement\":[{\"@type\":\"ListItem\",\"position\":1,\"name\":\"Portada\",\"item\":\"https:\/\/brico-afeb.com\/pt-pt\/\"},{\"@type\":\"ListItem\",\"position\":2,\"name\":\"VINCLE\"}]},{\"@type\":\"WebSite\",\"@id\":\"https:\/\/brico-afeb.com\/pt-pt\/#website\",\"url\":\"https:\/\/brico-afeb.com\/pt-pt\/\",\"name\":\"brico-afeb.com\",\"description\":\"Asociaci\u00f3n de Fabricantes de Bricolaje y Ferreter\u00eda\",\"potentialAction\":[{\"@type\":\"SearchAction\",\"target\":{\"@type\":\"EntryPoint\",\"urlTemplate\":\"https:\/\/brico-afeb.com\/pt-pt\/?s={search_term_string}\"},\"query-input\":\"required name=search_term_string\"}],\"inLanguage\":\"pt-PT\"}]}<\/script>\n<!-- \/ Yoast SEO plugin. -->","yoast_head_json":{"title":"VINCLE - brico-afeb.com","robots":{"index":"index","follow":"follow","max-snippet":"max-snippet:-1","max-image-preview":"max-image-preview:large","max-video-preview":"max-video-preview:-1"},"canonical":"https:\/\/brico-afeb.com\/pt-pt\/vincle\/","og_locale":"pt_PT","og_type":"article","og_title":"VINCLE - brico-afeb.com","og_description":"[vc_row][vc_column width=&#8221;1\/2&#8243;][vc_single_image image=&#8221;12351&#8243; img_size=&#8221;&#8221;][\/vc_column][vc_column width=&#8221;1\/2&#8243;][vc_column_text letter_spacing=&#8221;&#8221;]Vincle, software, vendedor com mais de 27 anos de experi\u00eancia, oferece solu\u00e7\u00f5es de software \u00e0s equipas de vendas para melhorar os processos comerciais com intuito de aumentar o volume de neg\u00f3cios e melhorar a sua rentabilidade.[\/vc_column_text][\/vc_column][\/vc_row][vc_row][vc_column][vc_column_text letter_spacing=&#8221;&#8221;]A variedade de produtos oferecida dentro da gama da Vincle cobre os diferentes canais de venda (pedidos, televenda, auditoria [&hellip;]","og_url":"https:\/\/brico-afeb.com\/pt-pt\/vincle\/","og_site_name":"brico-afeb.com","article_modified_time":"2018-06-28T16:36:21+00:00","twitter_card":"summary_large_image","twitter_misc":{"Tempo estimado de leitura":"2 minutos"},"schema":{"@context":"https:\/\/schema.org","@graph":[{"@type":"WebPage","@id":"https:\/\/brico-afeb.com\/pt-pt\/vincle\/","url":"https:\/\/brico-afeb.com\/pt-pt\/vincle\/","name":"VINCLE - brico-afeb.com","isPartOf":{"@id":"https:\/\/brico-afeb.com\/pt-pt\/#website"},"datePublished":"2018-06-19T16:10:02+00:00","dateModified":"2018-06-28T16:36:21+00:00","breadcrumb":{"@id":"https:\/\/brico-afeb.com\/pt-pt\/vincle\/#breadcrumb"},"inLanguage":"pt-PT","potentialAction":[{"@type":"ReadAction","target":["https:\/\/brico-afeb.com\/pt-pt\/vincle\/"]}]},{"@type":"BreadcrumbList","@id":"https:\/\/brico-afeb.com\/pt-pt\/vincle\/#breadcrumb","itemListElement":[{"@type":"ListItem","position":1,"name":"Portada","item":"https:\/\/brico-afeb.com\/pt-pt\/"},{"@type":"ListItem","position":2,"name":"VINCLE"}]},{"@type":"WebSite","@id":"https:\/\/brico-afeb.com\/pt-pt\/#website","url":"https:\/\/brico-afeb.com\/pt-pt\/","name":"brico-afeb.com","description":"Asociaci\u00f3n de Fabricantes de Bricolaje y Ferreter\u00eda","potentialAction":[{"@type":"SearchAction","target":{"@type":"EntryPoint","urlTemplate":"https:\/\/brico-afeb.com\/pt-pt\/?s={search_term_string}"},"query-input":"required name=search_term_string"}],"inLanguage":"pt-PT"}]}},"_links":{"self":[{"href":"https:\/\/brico-afeb.com\/pt-pt\/wp-json\/wp\/v2\/pages\/12357"}],"collection":[{"href":"https:\/\/brico-afeb.com\/pt-pt\/wp-json\/wp\/v2\/pages"}],"about":[{"href":"https:\/\/brico-afeb.com\/pt-pt\/wp-json\/wp\/v2\/types\/page"}],"author":[{"embeddable":true,"href":"https:\/\/brico-afeb.com\/pt-pt\/wp-json\/wp\/v2\/users\/1"}],"replies":[{"embeddable":true,"href":"https:\/\/brico-afeb.com\/pt-pt\/wp-json\/wp\/v2\/comments?post=12357"}],"version-history":[{"count":0,"href":"https:\/\/brico-afeb.com\/pt-pt\/wp-json\/wp\/v2\/pages\/12357\/revisions"}],"wp:attachment":[{"href":"https:\/\/brico-afeb.com\/pt-pt\/wp-json\/wp\/v2\/media?parent=12357"}],"curies":[{"name":"wp","href":"https:\/\/api.w.org\/{rel}","templated":true}]}}