{"id":31359,"date":"2025-06-20T09:38:56","date_gmt":"2025-06-20T08:38:56","guid":{"rendered":"https:\/\/brico-afeb.com\/?page_id=31359"},"modified":"2025-08-07T20:39:44","modified_gmt":"2025-08-07T19:39:44","slug":"home-3","status":"publish","type":"page","link":"https:\/\/brico-afeb.com\/pt-pt\/","title":{"rendered":"Home"},"content":{"rendered":"<div class=\"wpb-content-wrapper\"><p>[vc_row full_height=&#8221;yes&#8221; inner_container=&#8221;no&#8221; section_type=&#8221;header&#8221; vertical_align=&#8221;yes&#8221; padding_top=&#8221;0&#8243; padding_bottom=&#8221;0&#8243; margin_top=&#8221;0px&#8221;][vc_column][rev_slider_vc alias=&#8221;homefull-2-pt-def&#8221;][\/vc_column][\/vc_row][vc_row text_align=&#8221;center&#8221;][vc_column]<div  class=\"kleo-gap\" style=\"height:30px;line-height:30px;\"><\/div>[vc_column_text]<\/p>\n<h2 style=\"text-align: center;\">Desde 2004, a nossa miss\u00e3o tem sido a de trazer valor aos nossos parceiros,<br \/>\nfacilitando o conhecimento e o trabalho em rede do setor para a tomada de<br \/>\ndecis\u00f5es mais acertadas.<\/h2>\n<p>[\/vc_column_text][\/vc_column][\/vc_row][vc_row padding_top=&#8221;0&#8243;][vc_column][vc_cta h2=&#8221;A AFEB engloba empresas de Espanha e Portugal desde 2014&#8243; txt_align=&#8221;center&#8221; color=&#8221;green&#8221;]<\/p>\n<h4 style=\"text-align: center;\"><span style=\"color: #339966;\">Favorecemos as marcas dos nossos s\u00f3cios mediante o nosso pr\u00f3prio portal de DIY<\/span><\/h4>\n<p>[\/vc_cta][vc_video link=&#8221;https:\/\/www.youtube.com\/watch?v=WifozaE__00&#8243; el_width=&#8221;50&#8243; align=&#8221;center&#8221;][\/vc_column][\/vc_row][vc_row type=&#8221;color&#8221; bg_color=&#8221;#f2f2f2&#8243; padding_top=&#8221;20&#8243; padding_bottom=&#8221;20&#8243;][vc_column][vc_column_text lead=&#8221;yes&#8221;]<\/p>\n<p style=\"text-align: center;\"><strong>Representatividad del Sector<\/strong><\/p>\n<p>[\/vc_column_text][\/vc_column][\/vc_row][vc_row text_align=&#8221;center&#8221; text_color=&#8221;#68862a&#8221; type=&#8221;color&#8221; bg_color=&#8221;#f2f2f2&#8243; vertical_align=&#8221;yes&#8221; padding_top=&#8221;30&#8243; padding_bottom=&#8221;30&#8243;][vc_column width=&#8221;1\/3&#8243;][vc_column_text lead=&#8221;yes&#8221; font_size=&#8221;40&#8243; font_weight=&#8221;bold&#8221;]<span data-number=\"158\" class=\" kleo-animate-number animate-when-almost-visible\">158<\/span>[\/vc_column_text][vc_column_text lead=&#8221;yes&#8221; font_size=&#8221;20&#8243; font_weight=&#8221;bold&#8221;]Empresas Associadas[\/vc_column_text][\/vc_column][vc_column width=&#8221;1\/3&#8243;][vc_column_text lead=&#8221;yes&#8221; font_size=&#8221;40&#8243; font_weight=&#8221;bold&#8221;]+ <span data-number=\"5000\" class=\" kleo-animate-number animate-when-almost-visible\">5000<\/span>[\/vc_column_text][vc_column_text lead=&#8221;yes&#8221; font_size=&#8221;20&#8243; font_weight=&#8221;bold&#8221;]Milh\u00f5es de \u20ac de neg\u00f3cio[\/vc_column_text][\/vc_column][vc_column width=&#8221;1\/3&#8243;][vc_column_text lead=&#8221;yes&#8221; font_size=&#8221;40&#8243; font_weight=&#8221;bold&#8221;]+ <span data-number=\"15000\" class=\" kleo-animate-number animate-when-almost-visible\">15000<\/span>[\/vc_column_text][vc_column_text lead=&#8221;yes&#8221; font_size=&#8221;20&#8243; font_weight=&#8221;bold&#8221;]Empregos[\/vc_column_text][\/vc_column][\/vc_row][vc_row front_status=&#8221;draft&#8221; text_align=&#8221;center&#8221; text_color=&#8221;#ffffff&#8221; type=&#8221;color&#8221; bg_color=&#8221;#ffcd3b&#8221;][vc_column][vc_column_text]<\/p>\n<h2>Fun Facts<\/h2>\n<p>[\/vc_column_text][vc_row_inner][vc_column_inner width=&#8221;1\/4&#8243;][\/vc_column_inner][vc_column_inner width=&#8221;1\/6&#8243;][vc_column_text]<\/p>\n<h1 style=\"margin-bottom: 0;\"><span data-number=\"2\" class=\" kleo-animate-number animate-when-almost-visible\" data-timer=\"3000\">2<\/span>.<span data-number=\"247\" class=\" kleo-animate-number animate-when-almost-visible\" data-timer=\"3000\">247<\/span><\/h1>\n<h4>MEMBERS ONLINE<\/h4>\n<p>[\/vc_column_text][\/vc_column_inner][vc_column_inner width=&#8221;1\/6&#8243;][vc_column_text]<\/p>\n<h1 style=\"margin-bottom: 0;\"><span data-number=\"362\" class=\" kleo-animate-number animate-when-almost-visible\" data-timer=\"3000\">362<\/span><\/h1>\n<h4>GROUPS OF INTERESTS<\/h4>\n<p>[\/vc_column_text][\/vc_column_inner][vc_column_inner width=&#8221;1\/6&#8243;][vc_column_text]<\/p>\n<h1 style=\"margin-bottom: 0;\"><span data-number=\"43\" class=\" kleo-animate-number animate-when-almost-visible\" data-timer=\"3000\">43<\/span>.<span data-number=\"815\" class=\" kleo-animate-number animate-when-almost-visible\" data-timer=\"3000\">815<\/span><\/h1>\n<h4>TOPICS CREATED<\/h4>\n<p>[\/vc_column_text][\/vc_column_inner][vc_column_inner width=&#8221;1\/4&#8243;][\/vc_column_inner][\/vc_row_inner]<div  class=\"kleo-gap\" style=\"height:20px;line-height:20px;\"><\/div>[\/vc_column][\/vc_row][vc_row text_align=&#8221;center&#8221; padding_top=&#8221;10&#8243; padding_bottom=&#8221;10&#8243;][vc_column width=&#8221;1\/3&#8243;][vc_column_text]<\/p>\n<h3>Categorias admitidas<\/h3>\n<ul>\n<li>Loi\u00e7as e Canaliza\u00e7\u00e3o<\/li>\n<li>Ar Condicionado<\/li>\n<li>Cozinha<\/li>\n<li>Constru\u00e7\u00e3o<\/li>\n<li>Decora\u00e7\u00e3o<\/li>\n<li>Eletricidade<\/li>\n<li>Ferragens<\/li>\n<li>Ferramentas<\/li>\n<li>Jardim<\/li>\n<li>Madeira<\/li>\n<li>Mobili\u00e1rio e Arruma\u00e7\u00e3o<\/li>\n<li>Pintura<\/li>\n<\/ul>\n<p>[\/vc_column_text][\/vc_column][vc_column width=&#8221;2\/3&#8243;]<div class=\"row multi-columns-row box-style three-column-items\"><div class=\"one-by-one-animated animate-when-almost-visible\"><div class=\"feature-items col-xs-12 col-sm-6 col-md-4\"><div class=\"kleo-block feature-item list-el-animated default-icons-size center-icons\"><span class=\"feature-icon el-appear icon-ok\"><\/span><h3 class=\"feature-title\">Segundo a classicica\u00e7\u00e3o da AECOC<\/h3><div class=\"feature-text\"><a class=\"btn btn-primary\" href=\"https:\/\/brico-afeb.com\/wp-content\/uploads\/2015\/10\/CLASIFICACION-ESTANDAR-FERRETERIA-Y-BRICOLAJE.pdf\">Descarga la documentaci\u00f3n<\/a><\/div><\/div><\/div><div class=\"feature-items col-xs-12 col-sm-6 col-md-4\"><div class=\"kleo-block feature-item list-el-animated default-icons-size center-icons\"><span class=\"feature-icon el-appear icon-edit-1\"><\/span><h3 class=\"feature-title\">Boletim de inscri\u00e7\u00e3o<\/h3><div class=\"feature-text\"><a class=\"btn btn-primary\" href=\"https:\/\/brico-afeb.com\/wp-content\/uploads\/2020\/07\/Boletin-de-Inscripci\u00f3n-AFEB-1.doc\">Baixar a documenta\u00e7\u00e3o<\/a><\/div><\/div><\/div><div class=\"feature-items col-xs-12 col-sm-6 col-md-4\"><div class=\"kleo-block feature-item list-el-animated default-icons-size center-icons\"><span class=\"feature-icon el-appear icon-lock-open-alt\"><\/span><h3 class=\"feature-title\">\u00c1rea Reservada aos S\u00f3cios<\/h3><div class=\"feature-text\"><a class=\"btn btn-primary\" href=\"https:\/\/brico-afeb.com\/pt-pt\/area-reservada\/\">Acesso<\/a><\/div><\/div><\/div><\/div><\/div>[\/vc_column][\/vc_row][vc_row text_align=&#8221;center&#8221; text_color=&#8221;#b2b8c0&#8243; type=&#8221;color&#8221; bg_color=&#8221;#263242&#8243; padding_top=&#8221;100&#8243;][vc_column][vc_custom_heading text=&#8221;Juntos promovemos o bricolage do futuro&#8221; font_container=&#8221;tag:h1|text_align:center&#8221; google_fonts=&#8221;font_family:Open%20Sans%3A300%2C300italic%2Cregular%2Citalic%2C600%2C600italic%2C700%2C700italic%2C800%2C800italic|font_style:600%20bold%20regular%3A600%3Anormal&#8221;][vc_column_text]<\/p>\n<h1><strong>AFEB<\/strong> <strong>A<\/strong>sociac\u00f3n de <strong>F<\/strong>abricantes de <strong>B<\/strong>ricolaje y <strong>F<\/strong>erreter\u00eda<\/h1>\n<p>[\/vc_column_text]<div  class=\"kleo-gap\" style=\"height:10px;line-height:10px;\"><\/div><a class=\"kleo-icon-anchor\" href=\"https:\/\/twitter.com\/BricoAFEB\" target=\"_blank\"><i class=\"link-icon icon-twitter icon-2x\"><\/i><\/a><a class=\"kleo-icon-anchor\" href=\"https:\/\/www.facebook.com\/BricoAFEB\" target=\"_blank\"><i class=\"link-icon icon-facebook icon-2x\"><\/i><\/a><a class=\"kleo-icon-anchor\" href=\"https:\/\/www.linkedin.com\/grps\/AFEB-4195255\/about?\" target=\"_blank\"><i class=\"link-icon icon-linkedin-squared icon-2x\"><\/i><\/a><a class=\"kleo-icon-anchor\" href=\"https:\/\/www.youtube.com\/user\/ElRinconDelBricolaje\" target=\"_blank\"><i class=\"link-icon icon-youtube icon-2x\"><\/i><\/a>[\/vc_column][\/vc_row]<\/p>\n<\/div>","protected":false},"excerpt":{"rendered":"<p>[vc_row full_height=&#8221;yes&#8221; inner_container=&#8221;no&#8221; section_type=&#8221;header&#8221; vertical_align=&#8221;yes&#8221; padding_top=&#8221;0&#8243; padding_bottom=&#8221;0&#8243; margin_top=&#8221;0px&#8221;][vc_column][rev_slider_vc alias=&#8221;homefull-2-pt-def&#8221;][\/vc_column][\/vc_row][vc_row text_align=&#8221;center&#8221;][vc_column][vc_column_text] Desde 2004, a nossa miss\u00e3o tem sido a de trazer valor aos nossos parceiros, facilitando o conhecimento e o trabalho em rede do setor para a tomada de decis\u00f5es mais acertadas. [\/vc_column_text][\/vc_column][\/vc_row][vc_row padding_top=&#8221;0&#8243;][vc_column][vc_cta h2=&#8221;A AFEB engloba empresas de Espanha e Portugal desde 2014&#8243; txt_align=&#8221;center&#8221; color=&#8221;green&#8221;] Favorecemos as marcas dos nossos [&hellip;]<\/p>\n","protected":false},"author":1,"featured_media":0,"parent":0,"menu_order":0,"comment_status":"closed","ping_status":"closed","template":"page-templates\/full-width.php","meta":[],"acf":[],"yoast_head":"<!-- This site is optimized with the Yoast SEO plugin v20.9 - https:\/\/yoast.com\/wordpress\/plugins\/seo\/ -->\n<title>Home - brico-afeb.com<\/title>\n<meta name=\"robots\" content=\"index, follow, max-snippet:-1, max-image-preview:large, max-video-preview:-1\" \/>\n<link rel=\"canonical\" href=\"https:\/\/brico-afeb.com\/pt-pt\/\" \/>\n<meta property=\"og:locale\" content=\"pt_PT\" \/>\n<meta property=\"og:type\" content=\"article\" \/>\n<meta property=\"og:title\" content=\"Home - brico-afeb.com\" \/>\n<meta property=\"og:description\" content=\"[vc_row full_height=&#8221;yes&#8221; inner_container=&#8221;no&#8221; section_type=&#8221;header&#8221; vertical_align=&#8221;yes&#8221; padding_top=&#8221;0&#8243; padding_bottom=&#8221;0&#8243; margin_top=&#8221;0px&#8221;][vc_column][rev_slider_vc alias=&#8221;homefull-2-pt-def&#8221;][\/vc_column][\/vc_row][vc_row text_align=&#8221;center&#8221;][vc_column][vc_column_text] Desde 2004, a nossa miss\u00e3o tem sido a de trazer valor aos nossos parceiros, facilitando o conhecimento e o trabalho em rede do setor para a tomada de decis\u00f5es mais acertadas. [\/vc_column_text][\/vc_column][\/vc_row][vc_row padding_top=&#8221;0&#8243;][vc_column][vc_cta h2=&#8221;A AFEB engloba empresas de Espanha e Portugal desde 2014&#8243; txt_align=&#8221;center&#8221; color=&#8221;green&#8221;] Favorecemos as marcas dos nossos [&hellip;]\" \/>\n<meta property=\"og:url\" content=\"https:\/\/brico-afeb.com\/pt-pt\/\" \/>\n<meta property=\"og:site_name\" content=\"brico-afeb.com\" \/>\n<meta property=\"article:modified_time\" content=\"2025-08-07T19:39:44+00:00\" \/>\n<meta name=\"twitter:card\" content=\"summary_large_image\" \/>\n<meta name=\"twitter:label1\" content=\"Tempo estimado de leitura\" \/>\n\t<meta name=\"twitter:data1\" content=\"2 minutos\" \/>\n<script type=\"application\/ld+json\" class=\"yoast-schema-graph\">{\"@context\":\"https:\/\/schema.org\",\"@graph\":[{\"@type\":\"WebPage\",\"@id\":\"https:\/\/brico-afeb.com\/pt-pt\/\",\"url\":\"https:\/\/brico-afeb.com\/pt-pt\/\",\"name\":\"Home - brico-afeb.com\",\"isPartOf\":{\"@id\":\"https:\/\/brico-afeb.com\/pt-pt\/#website\"},\"datePublished\":\"2025-06-20T08:38:56+00:00\",\"dateModified\":\"2025-08-07T19:39:44+00:00\",\"breadcrumb\":{\"@id\":\"https:\/\/brico-afeb.com\/pt-pt\/#breadcrumb\"},\"inLanguage\":\"pt-PT\",\"potentialAction\":[{\"@type\":\"ReadAction\",\"target\":[\"https:\/\/brico-afeb.com\/pt-pt\/\"]}]},{\"@type\":\"BreadcrumbList\",\"@id\":\"https:\/\/brico-afeb.com\/pt-pt\/#breadcrumb\",\"itemListElement\":[{\"@type\":\"ListItem\",\"position\":1,\"name\":\"Portada\",\"item\":\"https:\/\/brico-afeb.com\/pt-pt\/\"},{\"@type\":\"ListItem\",\"position\":2,\"name\":\"Home\"}]},{\"@type\":\"WebSite\",\"@id\":\"https:\/\/brico-afeb.com\/pt-pt\/#website\",\"url\":\"https:\/\/brico-afeb.com\/pt-pt\/\",\"name\":\"brico-afeb.com\",\"description\":\"Asociaci\u00f3n de Fabricantes de Bricolaje y Ferreter\u00eda\",\"potentialAction\":[{\"@type\":\"SearchAction\",\"target\":{\"@type\":\"EntryPoint\",\"urlTemplate\":\"https:\/\/brico-afeb.com\/pt-pt\/?s={search_term_string}\"},\"query-input\":\"required name=search_term_string\"}],\"inLanguage\":\"pt-PT\"}]}<\/script>\n<!-- \/ Yoast SEO plugin. -->","yoast_head_json":{"title":"Home - brico-afeb.com","robots":{"index":"index","follow":"follow","max-snippet":"max-snippet:-1","max-image-preview":"max-image-preview:large","max-video-preview":"max-video-preview:-1"},"canonical":"https:\/\/brico-afeb.com\/pt-pt\/","og_locale":"pt_PT","og_type":"article","og_title":"Home - brico-afeb.com","og_description":"[vc_row full_height=&#8221;yes&#8221; inner_container=&#8221;no&#8221; section_type=&#8221;header&#8221; vertical_align=&#8221;yes&#8221; padding_top=&#8221;0&#8243; padding_bottom=&#8221;0&#8243; margin_top=&#8221;0px&#8221;][vc_column][rev_slider_vc alias=&#8221;homefull-2-pt-def&#8221;][\/vc_column][\/vc_row][vc_row text_align=&#8221;center&#8221;][vc_column][vc_column_text] Desde 2004, a nossa miss\u00e3o tem sido a de trazer valor aos nossos parceiros, facilitando o conhecimento e o trabalho em rede do setor para a tomada de decis\u00f5es mais acertadas. [\/vc_column_text][\/vc_column][\/vc_row][vc_row padding_top=&#8221;0&#8243;][vc_column][vc_cta h2=&#8221;A AFEB engloba empresas de Espanha e Portugal desde 2014&#8243; txt_align=&#8221;center&#8221; color=&#8221;green&#8221;] Favorecemos as marcas dos nossos [&hellip;]","og_url":"https:\/\/brico-afeb.com\/pt-pt\/","og_site_name":"brico-afeb.com","article_modified_time":"2025-08-07T19:39:44+00:00","twitter_card":"summary_large_image","twitter_misc":{"Tempo estimado de leitura":"2 minutos"},"schema":{"@context":"https:\/\/schema.org","@graph":[{"@type":"WebPage","@id":"https:\/\/brico-afeb.com\/pt-pt\/","url":"https:\/\/brico-afeb.com\/pt-pt\/","name":"Home - brico-afeb.com","isPartOf":{"@id":"https:\/\/brico-afeb.com\/pt-pt\/#website"},"datePublished":"2025-06-20T08:38:56+00:00","dateModified":"2025-08-07T19:39:44+00:00","breadcrumb":{"@id":"https:\/\/brico-afeb.com\/pt-pt\/#breadcrumb"},"inLanguage":"pt-PT","potentialAction":[{"@type":"ReadAction","target":["https:\/\/brico-afeb.com\/pt-pt\/"]}]},{"@type":"BreadcrumbList","@id":"https:\/\/brico-afeb.com\/pt-pt\/#breadcrumb","itemListElement":[{"@type":"ListItem","position":1,"name":"Portada","item":"https:\/\/brico-afeb.com\/pt-pt\/"},{"@type":"ListItem","position":2,"name":"Home"}]},{"@type":"WebSite","@id":"https:\/\/brico-afeb.com\/pt-pt\/#website","url":"https:\/\/brico-afeb.com\/pt-pt\/","name":"brico-afeb.com","description":"Asociaci\u00f3n de Fabricantes de Bricolaje y Ferreter\u00eda","potentialAction":[{"@type":"SearchAction","target":{"@type":"EntryPoint","urlTemplate":"https:\/\/brico-afeb.com\/pt-pt\/?s={search_term_string}"},"query-input":"required name=search_term_string"}],"inLanguage":"pt-PT"}]}},"_links":{"self":[{"href":"https:\/\/brico-afeb.com\/pt-pt\/wp-json\/wp\/v2\/pages\/31359"}],"collection":[{"href":"https:\/\/brico-afeb.com\/pt-pt\/wp-json\/wp\/v2\/pages"}],"about":[{"href":"https:\/\/brico-afeb.com\/pt-pt\/wp-json\/wp\/v2\/types\/page"}],"author":[{"embeddable":true,"href":"https:\/\/brico-afeb.com\/pt-pt\/wp-json\/wp\/v2\/users\/1"}],"replies":[{"embeddable":true,"href":"https:\/\/brico-afeb.com\/pt-pt\/wp-json\/wp\/v2\/comments?post=31359"}],"version-history":[{"count":4,"href":"https:\/\/brico-afeb.com\/pt-pt\/wp-json\/wp\/v2\/pages\/31359\/revisions"}],"predecessor-version":[{"id":35459,"href":"https:\/\/brico-afeb.com\/pt-pt\/wp-json\/wp\/v2\/pages\/31359\/revisions\/35459"}],"wp:attachment":[{"href":"https:\/\/brico-afeb.com\/pt-pt\/wp-json\/wp\/v2\/media?parent=31359"}],"curies":[{"name":"wp","href":"https:\/\/api.w.org\/{rel}","templated":true}]}}