{"id":7948,"date":"2015-10-12T16:52:29","date_gmt":"2015-10-12T16:52:29","guid":{"rendered":"http:\/\/brico-afeb.com\/pt-pt\/?page_id=7948"},"modified":"2020-12-03T12:39:34","modified_gmt":"2020-12-03T11:39:34","slug":"contato","status":"publish","type":"page","link":"https:\/\/brico-afeb.com\/pt-pt\/contato\/","title":{"rendered":"Contato"},"content":{"rendered":"<div class=\"wpb-content-wrapper\"><p>[vc_row][vc_column width=&#8221;1\/2&#8243;][vc_column_text letter_spacing=&#8221;&#8221;]<\/p>\n<h4>AFEB<\/h4>\n<p><strong>Endere\u00e7o:<\/strong><br \/>\nDiagonal 477, 12B<br \/>\n08036 Barcelona<\/p>\n<p><strong>Telefone: <\/strong>+34 93.410.23.34<\/p>\n<p><strong>ADMINISTRA\u00c7\u00c3O:<\/strong><br \/>\nMarta Vi\u00f1as\u00a0<a href=\"mailto:administracion@brico-afeb.com\"><em>administracion@brico-afeb.com<\/em><\/a>[\/vc_column_text][\/vc_column][vc_column width=&#8221;1\/2&#8243;][vc_column_text letter_spacing=&#8221;&#8221;]<\/p>\n<h4>Formul\u00e1rio de contato<\/h4>\n<div class=\"wpcf7 no-js\" id=\"wpcf7-f10286-o1\" lang=\"es-ES\" dir=\"ltr\">\n<div class=\"screen-reader-response\"><p role=\"status\" aria-live=\"polite\" aria-atomic=\"true\"><\/p> <ul><\/ul><\/div>\n<form action=\"\/pt-pt\/wp-json\/wp\/v2\/pages\/7948#wpcf7-f10286-o1\" method=\"post\" class=\"wpcf7-form init\" aria-label=\"Formulario de contacto\" novalidate=\"novalidate\" data-status=\"init\">\n<div style=\"display: none;\">\n<input type=\"hidden\" name=\"_wpcf7\" value=\"10286\" \/>\n<input type=\"hidden\" name=\"_wpcf7_version\" value=\"5.7.7\" \/>\n<input type=\"hidden\" name=\"_wpcf7_locale\" value=\"es_ES\" \/>\n<input type=\"hidden\" name=\"_wpcf7_unit_tag\" value=\"wpcf7-f10286-o1\" \/>\n<input type=\"hidden\" name=\"_wpcf7_container_post\" value=\"0\" \/>\n<input type=\"hidden\" name=\"_wpcf7_posted_data_hash\" value=\"\" \/>\n<\/div>\n<p>Nombre (requerido)\n<\/p>\n<p><span class=\"wpcf7-form-control-wrap\" data-name=\"your-name\"><input size=\"40\" class=\"wpcf7-form-control wpcf7-text wpcf7-validates-as-required\" aria-required=\"true\" aria-invalid=\"false\" value=\"\" type=\"text\" name=\"your-name\" \/><\/span>\n<\/p>\n<p>Correo electr\u00f3nico (requerido)\n<\/p>\n<p><span class=\"wpcf7-form-control-wrap\" data-name=\"your-email\"><input size=\"40\" class=\"wpcf7-form-control wpcf7-text wpcf7-email wpcf7-validates-as-required wpcf7-validates-as-email\" aria-required=\"true\" aria-invalid=\"false\" value=\"\" type=\"email\" name=\"your-email\" \/><\/span>\n<\/p>\n<p>Empresa\n<\/p>\n<p><span class=\"wpcf7-form-control-wrap\" data-name=\"your-subject\"><input size=\"40\" class=\"wpcf7-form-control wpcf7-text\" aria-invalid=\"false\" value=\"\" type=\"text\" name=\"your-subject\" \/><\/span>\n<\/p>\n<p>Mensaje\n<\/p>\n<p><span class=\"wpcf7-form-control-wrap\" data-name=\"your-message\"><textarea cols=\"40\" rows=\"10\" class=\"wpcf7-form-control wpcf7-textarea\" aria-invalid=\"false\" name=\"your-message\"><\/textarea><\/span>\n<\/p>\n<p><input class=\"wpcf7-form-control has-spinner wpcf7-submit\" type=\"submit\" value=\"Enviar\" \/>\n<\/p><p style=\"display: none !important;\"><label>&#916;<textarea name=\"_wpcf7_ak_hp_textarea\" cols=\"45\" rows=\"8\" maxlength=\"100\"><\/textarea><\/label><input type=\"hidden\" id=\"ak_js_1\" name=\"_wpcf7_ak_js\" value=\"31\"\/><script>document.getElementById( \"ak_js_1\" ).setAttribute( \"value\", ( new Date() ).getTime() );<\/script><\/p><div class=\"wpcf7-response-output\" aria-hidden=\"true\"><\/div>\n<\/form>\n<\/div>\n[\/vc_column_text][\/vc_column][\/vc_row][vc_row inner_container=&#8221;no&#8221; padding_top=&#8221;0&#8243; padding_bottom=&#8221;0&#8243;][vc_column][vc_gmaps link=&#8221;https:\/\/www.google.com\/maps\/embed?pb=!1m18!1m12!1m3!1d1258.4634808178027!2d2.145013833793733!3d41.392604079724435!2m3!1f0!2f0!3f0!3m2!1i1024!2i768!4f13.1!3m3!1m2!1s0x12a4a29d68bb7adb%3A0xa85514a29f331a9a!2sAv.+Diagonal%2C+477%2C+08036+Barcelona!5e0!3m2!1sen!2ses!4v1443197978739&#8243; size=&#8221;450&#8243; type=&#8221;m&#8221; zoom=&#8221;14&#8243;][\/vc_column][\/vc_row]<\/p>\n<\/div>","protected":false},"excerpt":{"rendered":"<p>[vc_row][vc_column width=&#8221;1\/2&#8243;][vc_column_text letter_spacing=&#8221;&#8221;] AFEB Endere\u00e7o: Diagonal 477, 12B 08036 Barcelona Telefone: +34 93.410.23.34 ADMINISTRA\u00c7\u00c3O: Marta Vi\u00f1as\u00a0administracion@brico-afeb.com[\/vc_column_text][\/vc_column][vc_column width=&#8221;1\/2&#8243;][vc_column_text letter_spacing=&#8221;&#8221;] Formul\u00e1rio de contato [\/vc_column_text][\/vc_column][\/vc_row][vc_row inner_container=&#8221;no&#8221; padding_top=&#8221;0&#8243; padding_bottom=&#8221;0&#8243;][vc_column][vc_gmaps link=&#8221;https:\/\/www.google.com\/maps\/embed?pb=!1m18!1m12!1m3!1d1258.4634808178027!2d2.145013833793733!3d41.392604079724435!2m3!1f0!2f0!3f0!3m2!1i1024!2i768!4f13.1!3m3!1m2!1s0x12a4a29d68bb7adb%3A0xa85514a29f331a9a!2sAv.+Diagonal%2C+477%2C+08036+Barcelona!5e0!3m2!1sen!2ses!4v1443197978739&#8243; size=&#8221;450&#8243; type=&#8221;m&#8221; zoom=&#8221;14&#8243;][\/vc_column][\/vc_row]<\/p>\n","protected":false},"author":1,"featured_media":0,"parent":0,"menu_order":0,"comment_status":"open","ping_status":"open","template":"page-templates\/full-width.php","meta":[],"acf":[],"yoast_head":"<!-- This site is optimized with the Yoast SEO plugin v20.9 - https:\/\/yoast.com\/wordpress\/plugins\/seo\/ -->\n<title>Contato - brico-afeb.com<\/title>\n<meta name=\"robots\" content=\"index, follow, max-snippet:-1, max-image-preview:large, max-video-preview:-1\" \/>\n<link rel=\"canonical\" href=\"https:\/\/brico-afeb.com\/pt-pt\/contato\/\" \/>\n<meta property=\"og:locale\" content=\"pt_PT\" \/>\n<meta property=\"og:type\" content=\"article\" \/>\n<meta property=\"og:title\" content=\"Contato - brico-afeb.com\" \/>\n<meta property=\"og:description\" content=\"[vc_row][vc_column width=&#8221;1\/2&#8243;][vc_column_text letter_spacing=&#8221;&#8221;] AFEB Endere\u00e7o: Diagonal 477, 12B 08036 Barcelona Telefone: +34 93.410.23.34 ADMINISTRA\u00c7\u00c3O: Marta Vi\u00f1as\u00a0administracion@brico-afeb.com[\/vc_column_text][\/vc_column][vc_column width=&#8221;1\/2&#8243;][vc_column_text letter_spacing=&#8221;&#8221;] Formul\u00e1rio de contato [\/vc_column_text][\/vc_column][\/vc_row][vc_row inner_container=&#8221;no&#8221; padding_top=&#8221;0&#8243; padding_bottom=&#8221;0&#8243;][vc_column][vc_gmaps link=&#8221;https:\/\/www.google.com\/maps\/embed?pb=!1m18!1m12!1m3!1d1258.4634808178027!2d2.145013833793733!3d41.392604079724435!2m3!1f0!2f0!3f0!3m2!1i1024!2i768!4f13.1!3m3!1m2!1s0x12a4a29d68bb7adb%3A0xa85514a29f331a9a!2sAv.+Diagonal%2C+477%2C+08036+Barcelona!5e0!3m2!1sen!2ses!4v1443197978739&#8243; size=&#8221;450&#8243; type=&#8221;m&#8221; zoom=&#8221;14&#8243;][\/vc_column][\/vc_row]\" \/>\n<meta property=\"og:url\" content=\"https:\/\/brico-afeb.com\/pt-pt\/contato\/\" \/>\n<meta property=\"og:site_name\" content=\"brico-afeb.com\" \/>\n<meta property=\"article:modified_time\" content=\"2020-12-03T11:39:34+00:00\" \/>\n<meta name=\"twitter:card\" content=\"summary_large_image\" \/>\n<meta name=\"twitter:label1\" content=\"Tempo estimado de leitura\" \/>\n\t<meta name=\"twitter:data1\" content=\"1 minuto\" \/>\n<script type=\"application\/ld+json\" class=\"yoast-schema-graph\">{\"@context\":\"https:\/\/schema.org\",\"@graph\":[{\"@type\":\"WebPage\",\"@id\":\"https:\/\/brico-afeb.com\/pt-pt\/contato\/\",\"url\":\"https:\/\/brico-afeb.com\/pt-pt\/contato\/\",\"name\":\"Contato - brico-afeb.com\",\"isPartOf\":{\"@id\":\"https:\/\/brico-afeb.com\/pt-pt\/#website\"},\"datePublished\":\"2015-10-12T16:52:29+00:00\",\"dateModified\":\"2020-12-03T11:39:34+00:00\",\"breadcrumb\":{\"@id\":\"https:\/\/brico-afeb.com\/pt-pt\/contato\/#breadcrumb\"},\"inLanguage\":\"pt-PT\",\"potentialAction\":[{\"@type\":\"ReadAction\",\"target\":[\"https:\/\/brico-afeb.com\/pt-pt\/contato\/\"]}]},{\"@type\":\"BreadcrumbList\",\"@id\":\"https:\/\/brico-afeb.com\/pt-pt\/contato\/#breadcrumb\",\"itemListElement\":[{\"@type\":\"ListItem\",\"position\":1,\"name\":\"Portada\",\"item\":\"https:\/\/brico-afeb.com\/pt-pt\/\"},{\"@type\":\"ListItem\",\"position\":2,\"name\":\"Contato\"}]},{\"@type\":\"WebSite\",\"@id\":\"https:\/\/brico-afeb.com\/pt-pt\/#website\",\"url\":\"https:\/\/brico-afeb.com\/pt-pt\/\",\"name\":\"brico-afeb.com\",\"description\":\"Asociaci\u00f3n de Fabricantes de Bricolaje y Ferreter\u00eda\",\"potentialAction\":[{\"@type\":\"SearchAction\",\"target\":{\"@type\":\"EntryPoint\",\"urlTemplate\":\"https:\/\/brico-afeb.com\/pt-pt\/?s={search_term_string}\"},\"query-input\":\"required name=search_term_string\"}],\"inLanguage\":\"pt-PT\"}]}<\/script>\n<!-- \/ Yoast SEO plugin. -->","yoast_head_json":{"title":"Contato - brico-afeb.com","robots":{"index":"index","follow":"follow","max-snippet":"max-snippet:-1","max-image-preview":"max-image-preview:large","max-video-preview":"max-video-preview:-1"},"canonical":"https:\/\/brico-afeb.com\/pt-pt\/contato\/","og_locale":"pt_PT","og_type":"article","og_title":"Contato - brico-afeb.com","og_description":"[vc_row][vc_column width=&#8221;1\/2&#8243;][vc_column_text letter_spacing=&#8221;&#8221;] AFEB Endere\u00e7o: Diagonal 477, 12B 08036 Barcelona Telefone: +34 93.410.23.34 ADMINISTRA\u00c7\u00c3O: Marta Vi\u00f1as\u00a0administracion@brico-afeb.com[\/vc_column_text][\/vc_column][vc_column width=&#8221;1\/2&#8243;][vc_column_text letter_spacing=&#8221;&#8221;] Formul\u00e1rio de contato [\/vc_column_text][\/vc_column][\/vc_row][vc_row inner_container=&#8221;no&#8221; padding_top=&#8221;0&#8243; padding_bottom=&#8221;0&#8243;][vc_column][vc_gmaps link=&#8221;https:\/\/www.google.com\/maps\/embed?pb=!1m18!1m12!1m3!1d1258.4634808178027!2d2.145013833793733!3d41.392604079724435!2m3!1f0!2f0!3f0!3m2!1i1024!2i768!4f13.1!3m3!1m2!1s0x12a4a29d68bb7adb%3A0xa85514a29f331a9a!2sAv.+Diagonal%2C+477%2C+08036+Barcelona!5e0!3m2!1sen!2ses!4v1443197978739&#8243; size=&#8221;450&#8243; type=&#8221;m&#8221; zoom=&#8221;14&#8243;][\/vc_column][\/vc_row]","og_url":"https:\/\/brico-afeb.com\/pt-pt\/contato\/","og_site_name":"brico-afeb.com","article_modified_time":"2020-12-03T11:39:34+00:00","twitter_card":"summary_large_image","twitter_misc":{"Tempo estimado de leitura":"1 minuto"},"schema":{"@context":"https:\/\/schema.org","@graph":[{"@type":"WebPage","@id":"https:\/\/brico-afeb.com\/pt-pt\/contato\/","url":"https:\/\/brico-afeb.com\/pt-pt\/contato\/","name":"Contato - brico-afeb.com","isPartOf":{"@id":"https:\/\/brico-afeb.com\/pt-pt\/#website"},"datePublished":"2015-10-12T16:52:29+00:00","dateModified":"2020-12-03T11:39:34+00:00","breadcrumb":{"@id":"https:\/\/brico-afeb.com\/pt-pt\/contato\/#breadcrumb"},"inLanguage":"pt-PT","potentialAction":[{"@type":"ReadAction","target":["https:\/\/brico-afeb.com\/pt-pt\/contato\/"]}]},{"@type":"BreadcrumbList","@id":"https:\/\/brico-afeb.com\/pt-pt\/contato\/#breadcrumb","itemListElement":[{"@type":"ListItem","position":1,"name":"Portada","item":"https:\/\/brico-afeb.com\/pt-pt\/"},{"@type":"ListItem","position":2,"name":"Contato"}]},{"@type":"WebSite","@id":"https:\/\/brico-afeb.com\/pt-pt\/#website","url":"https:\/\/brico-afeb.com\/pt-pt\/","name":"brico-afeb.com","description":"Asociaci\u00f3n de Fabricantes de Bricolaje y Ferreter\u00eda","potentialAction":[{"@type":"SearchAction","target":{"@type":"EntryPoint","urlTemplate":"https:\/\/brico-afeb.com\/pt-pt\/?s={search_term_string}"},"query-input":"required name=search_term_string"}],"inLanguage":"pt-PT"}]}},"_links":{"self":[{"href":"https:\/\/brico-afeb.com\/pt-pt\/wp-json\/wp\/v2\/pages\/7948"}],"collection":[{"href":"https:\/\/brico-afeb.com\/pt-pt\/wp-json\/wp\/v2\/pages"}],"about":[{"href":"https:\/\/brico-afeb.com\/pt-pt\/wp-json\/wp\/v2\/types\/page"}],"author":[{"embeddable":true,"href":"https:\/\/brico-afeb.com\/pt-pt\/wp-json\/wp\/v2\/users\/1"}],"replies":[{"embeddable":true,"href":"https:\/\/brico-afeb.com\/pt-pt\/wp-json\/wp\/v2\/comments?post=7948"}],"version-history":[{"count":0,"href":"https:\/\/brico-afeb.com\/pt-pt\/wp-json\/wp\/v2\/pages\/7948\/revisions"}],"wp:attachment":[{"href":"https:\/\/brico-afeb.com\/pt-pt\/wp-json\/wp\/v2\/media?parent=7948"}],"curies":[{"name":"wp","href":"https:\/\/api.w.org\/{rel}","templated":true}]}}