{"id":8006,"date":"2015-10-12T17:01:18","date_gmt":"2015-10-12T17:01:18","guid":{"rendered":"http:\/\/brico-afeb.com\/pt-pt\/?page_id=8006"},"modified":"2017-11-21T00:03:57","modified_gmt":"2017-11-20T23:03:57","slug":"info_setor","status":"publish","type":"page","link":"https:\/\/brico-afeb.com\/pt-pt\/servicos\/info_setor\/","title":{"rendered":"Informa\u00e7\u00e3o do Setor"},"content":{"rendered":"<div class=\"wpb-content-wrapper\"><p>[vc_row padding_top=&#8221;0&#8243; padding_bottom=&#8221;0&#8243;][vc_column]<div  class=\"kleo-gap\" style=\"height:10px;line-height:10px;\"><\/div>[vc_column_text font_weight=&#8221;bold&#8221; letter_spacing=&#8221;&#8221; css=&#8221;.vc_custom_1504775326908{margin-top: 20px !important;margin-bottom: 20px !important;}&#8221;]<\/p>\n<h2 class=\"blue\" style=\"text-align: center;\"><strong>Informa\u00e7\u00e3o do Setor<\/strong><\/h2>\n<p>[\/vc_column_text]<div  class=\"kleo-gap\" style=\"height:10px;line-height:10px;\"><\/div>[vc_accordion][vc_accordion_tab title=&#8221;Apoios para Exporta\u00e7\u00e3o (anual)&#8221; icon=&#8221;minus-1&#8243; icon_closed=&#8221;plus-1&#8243;][vc_column_text lead=&#8221;yes&#8221; letter_spacing=&#8221;&#8221;]Na p\u00e1gina da associa\u00e7\u00e3o (\u00e1rea reservada aos s\u00f3cios) poder\u00e1 consultar informa\u00e7\u00e3o sobre o programa Pyme Invierte, um servi\u00e7o integral que a ICEX e a COFIDES desenvolvem para os investimentos no exterior das PYMES espanholas, com o objetivo de cobrir as suas necessidades globais de internacionaliza\u00e7\u00e3o.[\/vc_column_text][\/vc_accordion_tab][vc_accordion_tab title=&#8221;Feiras Internacionais (anual)&#8221; icon=&#8221;minus-1&#8243; icon_closed=&#8221;plus-1&#8243;][vc_column_text lead=&#8221;yes&#8221; letter_spacing=&#8221;&#8221;]\u00c9 elaborado um cat\u00e1logo completo das principais Feiras Internacionais do setor, publicadas cronologicamente na sec\u00e7\u00e3o \u201cAgenda\u201d da p\u00e1gina da associa\u00e7\u00e3o.[\/vc_column_text][\/vc_accordion_tab][vc_accordion_tab title=&#8221;Global Home Improvement Report (45 pa\u00edses. 10 Top retailers\/anual)&#8221; icon=&#8221;minus-1&#8243; icon_closed=&#8221;plus-1&#8243;][vc_column_text lead=&#8221;yes&#8221; letter_spacing=&#8221;&#8221;]A Fediyma, em colabora\u00e7\u00e3o com a AFEB e as restantes associa\u00e7\u00f5es europeias pertencentes \u00e0 federa\u00e7\u00e3o, elabora anualmente o Global Home Improvement Report. Trata-se de um estudo realizado com dados de vendas anuais de bricolage em mais de 81 pa\u00edses. O Report oferece informa\u00e7\u00e3o sobre os principais mercados DIY, analisando o que representa o DIY no consumo per capita do mundo e identificando as principais cadeias de distribui\u00e7\u00e3o, analisadas pa\u00eds por pa\u00eds. Este estudo pode ser adquirido atrav\u00e9s da AFEB pelo pre\u00e7o de 390,-\u20ac para associados, e de 890,-\u20ac para n\u00e3o associados.[\/vc_column_text][\/vc_accordion_tab][vc_accordion_tab title=&#8221;Estudos setoriais (1 ou 2 por ano)&#8221; icon=&#8221;minus-1&#8243; icon_closed=&#8221;plus-1&#8243;][vc_column_text lead=&#8221;yes&#8221; letter_spacing=&#8221;&#8221;]A AFEB investe anualmente uma parte do seu or\u00e7amento na compra ou elabora\u00e7\u00e3o de estudos que considera de m\u00e1ximo interesse para os seus associados, que poder\u00e3o ser adquiridos por um pre\u00e7o subsidiado.<\/p>\n<p>Alguns exemplos s\u00e3o o Estudo de Qualidade do Fornecedor, o Estudo do Consumidor elaborado pela AECOC, e o Estudo do Mercado Portugu\u00eas de Bricolage, elaborado pela AFEB, atualmente \u00e0 venda pelo pre\u00e7o de 200,-\u20ac para associados, e de 500,-\u20ac para n\u00e3o associados.[\/vc_column_text][\/vc_accordion_tab][vc_accordion_tab title=&#8221;Mapa de Distribui\u00e7\u00e3o &#8221; icon=&#8221;minus-1&#8243; icon_closed=&#8221;plus-1&#8243;][vc_column_text lead=&#8221;yes&#8221; letter_spacing=&#8221;&#8221;]\u00c9 um estudo que analisa a evolu\u00e7\u00e3o dos operadores do mercado de ferragens e bricolage, permitindo-nos conhecer a sua dimens\u00e3o e carater\u00edsticas. O estudo inclui o desenvolvimento de cada operador entre 2000 e 2016:<br \/>\n\u2022 11 cadeias de bricolage<br \/>\n\u2022 12 cooperativas e centrais de compra de ferragens<br \/>\n\u2022 5 centrais de compra de fornecedores industriais<br \/>\n\u2022 7 ins\u00edgnias de armaz\u00e9ns de constru\u00e7\u00e3o<br \/>\n\u2022 4 ins\u00edgnias de grandes superf\u00edcies de alimenta\u00e7\u00e3o<br \/>\n\u2022 7 cadeias de centros de bricolage em Portugal<\/p>\n<p>O estudo inclui tamb\u00e9m 10 operadores online de bricolage, ferragens e jardim, e uma breve an\u00e1lise de centros de jardinagem e bazares.<\/p>\n<p>Foram recolhidos dados anuais sobre o n\u00famero de lojas e fatura\u00e7\u00e3o de cada ins\u00edgnia, mostrando a sua evolu\u00e7\u00e3o.<\/p>\n<p>No caso dos operadores de bricolage e ferragens, foram tamb\u00e9m inclu\u00eddas as suas quotas de mercado em 2016. O estudo inclui gr\u00e1ficos e conclus\u00f5es sobre cada segmento de mercado.<\/p>\n<p>O Mapa da Distribui\u00e7\u00e3o de Bricolage \u00e9 gratuito para os associados da AFEB, e as empresas n\u00e3o associadas podem adquiri-lo na AFEB por 490,-\u20ac + IVA.[\/vc_column_text][\/vc_accordion_tab][vc_accordion_tab title=&#8221;Conjuntura de Exporta\u00e7\u00e3o (trimestral)&#8221; icon=&#8221;minus-1&#8243; icon_closed=&#8221;plus-1&#8243;][vc_column_text lead=&#8221;yes&#8221; letter_spacing=&#8221;&#8221;]O Question\u00e1rio de Conjuntura de Exporta\u00e7\u00e3o \u00e9 um relat\u00f3rio publicado trimestralmente pelo Minist\u00e9rio da Economia, Ind\u00fastria e Competitividade, em Espanha, sobre distintos indicadores da atividade exportadora, tais como o indicador sint\u00e9tico da atividade exportadora (ISAE); pre\u00e7os e margens de exporta\u00e7\u00e3o; factores que afetam a atividade exportadora; evolu\u00e7\u00e3o dos mercados de destino, etc.[\/vc_column_text][\/vc_accordion_tab][vc_accordion_tab title=&#8221;Relat\u00f3rios de Conjuntura (trimestral)&#8221; icon=&#8221;minus-1&#8243; icon_closed=&#8221;plus-1&#8243;][vc_column_text lead=&#8221;yes&#8221; letter_spacing=&#8221;&#8221;]A AFEB realiza trimestralmente um Relat\u00f3rio de Conjuntura, com base nos dados proporcionados confidencialmente pelos s\u00f3cios, no qual se informa sobre a varia\u00e7\u00e3o das vendas anuais em rela\u00e7\u00e3o ao ano transato, prazo m\u00e9dio de cobran\u00e7a, \u00edndice m\u00e9dio de devolu\u00e7\u00f5es e \u00edndice m\u00e9dio de clientes com pagamentos em atraso.[\/vc_column_text][\/vc_accordion_tab][vc_accordion_tab title=&#8221;Relat\u00f3rio de Incid\u00eancias (bimensal)&#8221; icon=&#8221;minus-1&#8243; icon_closed=&#8221;plus-1&#8243;][vc_column_text lead=&#8221;yes&#8221; letter_spacing=&#8221;&#8221;]A AFEB elabora bimestralmente um Relat\u00f3rio de Incid\u00eancias, com base nos dados proporcionados confidencialmente pelos s\u00f3cios, no qual se informa sobre as incid\u00eancias dos distribuidores, oferecendo um indicador claro e absolutamente fi\u00e1vel do risco dos fabricantes em rela\u00e7\u00e3o aos seus clientes.[\/vc_column_text][\/vc_accordion_tab][vc_accordion_tab title=&#8221;Relat\u00f3rio de conjuntura macroecon\u00f3mica (trimestral)&#8221; icon=&#8221;minus-1&#8243; icon_closed=&#8221;plus-1&#8243;][vc_column_text lead=&#8221;yes&#8221; letter_spacing=&#8221;&#8221;]<\/p>\n<div>Trimestralmente a AFEB proporciona aos seus associados um relat\u00f3rio de conjuntura macroecon\u00f3mica com a evolu\u00e7\u00e3o dos principais indicadores a ter em conta pelos fabricantes do sector. S\u00e3o inclu\u00eddos dados relativos ao PIB, d\u00e9fice p\u00fablico, investimento, importa\u00e7\u00e3o e exporta\u00e7\u00e3o, emprego, evolu\u00e7\u00e3o da constru\u00e7\u00e3o, etc&#8230;<\/div>\n<p>[\/vc_column_text][\/vc_accordion_tab][\/vc_accordion][\/vc_column][\/vc_row][vc_row text_align=&#8221;center&#8221; padding_top=&#8221;100&#8243; padding_bottom=&#8221;100&#8243;][vc_column]<a class=\"btn btn-highlight btn-lg\" href=\"https:\/\/brico-afeb.com\/pt-pt\/contato\/\">CONTATO<\/a>[\/vc_column][\/vc_row][vc_row][vc_column][\/vc_column][\/vc_row]<\/p>\n<\/div>","protected":false},"excerpt":{"rendered":"<p>[vc_row padding_top=&#8221;0&#8243; padding_bottom=&#8221;0&#8243;][vc_column][vc_column_text font_weight=&#8221;bold&#8221; letter_spacing=&#8221;&#8221; css=&#8221;.vc_custom_1504775326908{margin-top: 20px !important;margin-bottom: 20px !important;}&#8221;] Informa\u00e7\u00e3o do Setor [\/vc_column_text][vc_accordion][vc_accordion_tab title=&#8221;Apoios para Exporta\u00e7\u00e3o (anual)&#8221; icon=&#8221;minus-1&#8243; icon_closed=&#8221;plus-1&#8243;][vc_column_text lead=&#8221;yes&#8221; letter_spacing=&#8221;&#8221;]Na p\u00e1gina da associa\u00e7\u00e3o (\u00e1rea reservada aos s\u00f3cios) poder\u00e1 consultar informa\u00e7\u00e3o sobre o programa Pyme Invierte, um servi\u00e7o integral que a ICEX e a COFIDES desenvolvem para os investimentos no exterior das PYMES espanholas, com o objetivo de cobrir [&hellip;]<\/p>\n","protected":false},"author":1,"featured_media":0,"parent":7921,"menu_order":0,"comment_status":"closed","ping_status":"closed","template":"page-templates\/full-width.php","meta":[],"acf":[],"yoast_head":"<!-- This site is optimized with the Yoast SEO plugin v20.9 - https:\/\/yoast.com\/wordpress\/plugins\/seo\/ -->\n<title>Informa\u00e7\u00e3o do Setor - brico-afeb.com<\/title>\n<meta name=\"robots\" content=\"index, follow, max-snippet:-1, max-image-preview:large, max-video-preview:-1\" \/>\n<link rel=\"canonical\" href=\"https:\/\/brico-afeb.com\/pt-pt\/servicos\/info_setor\/\" \/>\n<meta property=\"og:locale\" content=\"pt_PT\" \/>\n<meta property=\"og:type\" content=\"article\" \/>\n<meta property=\"og:title\" content=\"Informa\u00e7\u00e3o do Setor - brico-afeb.com\" \/>\n<meta property=\"og:description\" content=\"[vc_row padding_top=&#8221;0&#8243; padding_bottom=&#8221;0&#8243;][vc_column][vc_column_text font_weight=&#8221;bold&#8221; letter_spacing=&#8221;&#8221; css=&#8221;.vc_custom_1504775326908{margin-top: 20px !important;margin-bottom: 20px !important;}&#8221;] Informa\u00e7\u00e3o do Setor [\/vc_column_text][vc_accordion][vc_accordion_tab title=&#8221;Apoios para Exporta\u00e7\u00e3o (anual)&#8221; icon=&#8221;minus-1&#8243; icon_closed=&#8221;plus-1&#8243;][vc_column_text lead=&#8221;yes&#8221; letter_spacing=&#8221;&#8221;]Na p\u00e1gina da associa\u00e7\u00e3o (\u00e1rea reservada aos s\u00f3cios) poder\u00e1 consultar informa\u00e7\u00e3o sobre o programa Pyme Invierte, um servi\u00e7o integral que a ICEX e a COFIDES desenvolvem para os investimentos no exterior das PYMES espanholas, com o objetivo de cobrir [&hellip;]\" \/>\n<meta property=\"og:url\" content=\"https:\/\/brico-afeb.com\/pt-pt\/servicos\/info_setor\/\" \/>\n<meta property=\"og:site_name\" content=\"brico-afeb.com\" \/>\n<meta property=\"article:modified_time\" content=\"2017-11-20T23:03:57+00:00\" \/>\n<meta name=\"twitter:card\" content=\"summary_large_image\" \/>\n<meta name=\"twitter:label1\" content=\"Tempo estimado de leitura\" \/>\n\t<meta name=\"twitter:data1\" content=\"5 minutos\" \/>\n<script type=\"application\/ld+json\" class=\"yoast-schema-graph\">{\"@context\":\"https:\/\/schema.org\",\"@graph\":[{\"@type\":\"WebPage\",\"@id\":\"https:\/\/brico-afeb.com\/pt-pt\/servicos\/info_setor\/\",\"url\":\"https:\/\/brico-afeb.com\/pt-pt\/servicos\/info_setor\/\",\"name\":\"Informa\u00e7\u00e3o do Setor - brico-afeb.com\",\"isPartOf\":{\"@id\":\"https:\/\/brico-afeb.com\/pt-pt\/#website\"},\"datePublished\":\"2015-10-12T17:01:18+00:00\",\"dateModified\":\"2017-11-20T23:03:57+00:00\",\"breadcrumb\":{\"@id\":\"https:\/\/brico-afeb.com\/pt-pt\/servicos\/info_setor\/#breadcrumb\"},\"inLanguage\":\"pt-PT\",\"potentialAction\":[{\"@type\":\"ReadAction\",\"target\":[\"https:\/\/brico-afeb.com\/pt-pt\/servicos\/info_setor\/\"]}]},{\"@type\":\"BreadcrumbList\",\"@id\":\"https:\/\/brico-afeb.com\/pt-pt\/servicos\/info_setor\/#breadcrumb\",\"itemListElement\":[{\"@type\":\"ListItem\",\"position\":1,\"name\":\"Portada\",\"item\":\"https:\/\/brico-afeb.com\/pt-pt\/\"},{\"@type\":\"ListItem\",\"position\":2,\"name\":\"Servi\u00e7os\",\"item\":\"https:\/\/brico-afeb.com\/pt-pt\/servicos\/\"},{\"@type\":\"ListItem\",\"position\":3,\"name\":\"Informa\u00e7\u00e3o do Setor\"}]},{\"@type\":\"WebSite\",\"@id\":\"https:\/\/brico-afeb.com\/pt-pt\/#website\",\"url\":\"https:\/\/brico-afeb.com\/pt-pt\/\",\"name\":\"brico-afeb.com\",\"description\":\"Asociaci\u00f3n de Fabricantes de Bricolaje y Ferreter\u00eda\",\"potentialAction\":[{\"@type\":\"SearchAction\",\"target\":{\"@type\":\"EntryPoint\",\"urlTemplate\":\"https:\/\/brico-afeb.com\/pt-pt\/?s={search_term_string}\"},\"query-input\":\"required name=search_term_string\"}],\"inLanguage\":\"pt-PT\"}]}<\/script>\n<!-- \/ Yoast SEO plugin. -->","yoast_head_json":{"title":"Informa\u00e7\u00e3o do Setor - brico-afeb.com","robots":{"index":"index","follow":"follow","max-snippet":"max-snippet:-1","max-image-preview":"max-image-preview:large","max-video-preview":"max-video-preview:-1"},"canonical":"https:\/\/brico-afeb.com\/pt-pt\/servicos\/info_setor\/","og_locale":"pt_PT","og_type":"article","og_title":"Informa\u00e7\u00e3o do Setor - brico-afeb.com","og_description":"[vc_row padding_top=&#8221;0&#8243; padding_bottom=&#8221;0&#8243;][vc_column][vc_column_text font_weight=&#8221;bold&#8221; letter_spacing=&#8221;&#8221; css=&#8221;.vc_custom_1504775326908{margin-top: 20px !important;margin-bottom: 20px !important;}&#8221;] Informa\u00e7\u00e3o do Setor [\/vc_column_text][vc_accordion][vc_accordion_tab title=&#8221;Apoios para Exporta\u00e7\u00e3o (anual)&#8221; icon=&#8221;minus-1&#8243; icon_closed=&#8221;plus-1&#8243;][vc_column_text lead=&#8221;yes&#8221; letter_spacing=&#8221;&#8221;]Na p\u00e1gina da associa\u00e7\u00e3o (\u00e1rea reservada aos s\u00f3cios) poder\u00e1 consultar informa\u00e7\u00e3o sobre o programa Pyme Invierte, um servi\u00e7o integral que a ICEX e a COFIDES desenvolvem para os investimentos no exterior das PYMES espanholas, com o objetivo de cobrir [&hellip;]","og_url":"https:\/\/brico-afeb.com\/pt-pt\/servicos\/info_setor\/","og_site_name":"brico-afeb.com","article_modified_time":"2017-11-20T23:03:57+00:00","twitter_card":"summary_large_image","twitter_misc":{"Tempo estimado de leitura":"5 minutos"},"schema":{"@context":"https:\/\/schema.org","@graph":[{"@type":"WebPage","@id":"https:\/\/brico-afeb.com\/pt-pt\/servicos\/info_setor\/","url":"https:\/\/brico-afeb.com\/pt-pt\/servicos\/info_setor\/","name":"Informa\u00e7\u00e3o do Setor - brico-afeb.com","isPartOf":{"@id":"https:\/\/brico-afeb.com\/pt-pt\/#website"},"datePublished":"2015-10-12T17:01:18+00:00","dateModified":"2017-11-20T23:03:57+00:00","breadcrumb":{"@id":"https:\/\/brico-afeb.com\/pt-pt\/servicos\/info_setor\/#breadcrumb"},"inLanguage":"pt-PT","potentialAction":[{"@type":"ReadAction","target":["https:\/\/brico-afeb.com\/pt-pt\/servicos\/info_setor\/"]}]},{"@type":"BreadcrumbList","@id":"https:\/\/brico-afeb.com\/pt-pt\/servicos\/info_setor\/#breadcrumb","itemListElement":[{"@type":"ListItem","position":1,"name":"Portada","item":"https:\/\/brico-afeb.com\/pt-pt\/"},{"@type":"ListItem","position":2,"name":"Servi\u00e7os","item":"https:\/\/brico-afeb.com\/pt-pt\/servicos\/"},{"@type":"ListItem","position":3,"name":"Informa\u00e7\u00e3o do Setor"}]},{"@type":"WebSite","@id":"https:\/\/brico-afeb.com\/pt-pt\/#website","url":"https:\/\/brico-afeb.com\/pt-pt\/","name":"brico-afeb.com","description":"Asociaci\u00f3n de Fabricantes de Bricolaje y Ferreter\u00eda","potentialAction":[{"@type":"SearchAction","target":{"@type":"EntryPoint","urlTemplate":"https:\/\/brico-afeb.com\/pt-pt\/?s={search_term_string}"},"query-input":"required name=search_term_string"}],"inLanguage":"pt-PT"}]}},"_links":{"self":[{"href":"https:\/\/brico-afeb.com\/pt-pt\/wp-json\/wp\/v2\/pages\/8006"}],"collection":[{"href":"https:\/\/brico-afeb.com\/pt-pt\/wp-json\/wp\/v2\/pages"}],"about":[{"href":"https:\/\/brico-afeb.com\/pt-pt\/wp-json\/wp\/v2\/types\/page"}],"author":[{"embeddable":true,"href":"https:\/\/brico-afeb.com\/pt-pt\/wp-json\/wp\/v2\/users\/1"}],"replies":[{"embeddable":true,"href":"https:\/\/brico-afeb.com\/pt-pt\/wp-json\/wp\/v2\/comments?post=8006"}],"version-history":[{"count":0,"href":"https:\/\/brico-afeb.com\/pt-pt\/wp-json\/wp\/v2\/pages\/8006\/revisions"}],"up":[{"embeddable":true,"href":"https:\/\/brico-afeb.com\/pt-pt\/wp-json\/wp\/v2\/pages\/7921"}],"wp:attachment":[{"href":"https:\/\/brico-afeb.com\/pt-pt\/wp-json\/wp\/v2\/media?parent=8006"}],"curies":[{"name":"wp","href":"https:\/\/api.w.org\/{rel}","templated":true}]}}