{"id":8017,"date":"2015-10-12T17:10:44","date_gmt":"2015-10-12T17:10:44","guid":{"rendered":"http:\/\/brico-afeb.com\/pt-pt\/?page_id=8017"},"modified":"2017-09-07T10:19:42","modified_gmt":"2017-09-07T09:19:42","slug":"internacionalizacao","status":"publish","type":"page","link":"https:\/\/brico-afeb.com\/pt-pt\/servicos\/internacionalizacao\/","title":{"rendered":"Internacionaliza\u00e7\u00e3o"},"content":{"rendered":"<div class=\"wpb-content-wrapper\"><p>[vc_row padding_top=&#8221;0&#8243; padding_bottom=&#8221;0&#8243;][vc_column]<div  class=\"kleo-gap\" style=\"height:10px;line-height:10px;\"><\/div>[vc_column_text font_weight=&#8221;bold&#8221; letter_spacing=&#8221;&#8221; css=&#8221;.vc_custom_1504775704099{margin-top: 20px !important;margin-bottom: 20px !important;}&#8221;]<\/p>\n<h2 class=\"blue\" style=\"text-align: center;\">Internacionaliza\u00e7\u00e3o<\/h2>\n<p>[\/vc_column_text]<div  class=\"kleo-gap\" style=\"height:10px;line-height:10px;\"><\/div>[vc_accordion][vc_accordion_tab title=&#8221;Global DIY Summit&#8221; icon=&#8221;minus-1&#8243; icon_closed=&#8221;plus-1&#8243;][vc_column_text lead=&#8221;yes&#8221; letter_spacing=&#8221;&#8221;]O Global DIY Summit \u00e9 o evento do mundo da Bricolage com maior import\u00e2ncia a n\u00edvel global. A AFEB, como membro da federa\u00e7\u00e3o europeia Fediyma, tem uma participa\u00e7\u00e3o destacada, al\u00e9m de proporcionar aos seus s\u00f3cios condi\u00e7\u00f5es preferenciais de participa\u00e7\u00e3o.[\/vc_column_text][\/vc_accordion_tab][vc_accordion_tab title=&#8221;Miss\u00f5es Comerciais&#8221; icon=&#8221;minus-1&#8243; icon_closed=&#8221;plus-1&#8243;][vc_column_text lead=&#8221;yes&#8221; letter_spacing=&#8221;&#8221;]A AFEB organiza Miss\u00f5es Comerciais aos principais pa\u00edses emergentes, contando, na maioria dos casos, com a colabora\u00e7\u00e3o de outras associa\u00e7\u00f5es ou empresas de servi\u00e7os, seja para outorgar um subs\u00eddio ou para ajudar a criar as agendas das empresas participantes.<\/p>\n<p>A AFEB subscreveu um acordo de colabora\u00e7\u00e3o com a Datasur de forma a aceder a informa\u00e7\u00e3o sobre importa\u00e7\u00f5es e exporta\u00e7\u00f5es de 17 pa\u00edses da Am\u00e9rica.[\/vc_column_text][\/vc_accordion_tab][vc_accordion_tab title=&#8221;Visitas a Pontos de Venda&#8221; icon=&#8221;minus-1&#8243; icon_closed=&#8221;plus-1&#8243;][vc_column_text lead=&#8221;yes&#8221; letter_spacing=&#8221;&#8221;]A AFEB organiza anualmente, uma ou duas viagens aos pa\u00edses mais desenvolvidos ou com possibilidades de desenvolvimento no mundo da bricolage, fazendo uma aproxima\u00e7\u00e3o ao Mercado da Bricolage do pa\u00eds em quest\u00e3o. Para tal conta com a colabora\u00e7\u00e3o da Federa\u00e7\u00e3o Europeia de Fabricantes de Bricolage, Fediyma, visitando os pontos de venda mais desenvolvidos ou significativos do pa\u00eds visitado.[\/vc_column_text][\/vc_accordion_tab][vc_accordion_tab title=&#8221;Participa\u00e7\u00e3o Agrupada em Feiras&#8221; icon=&#8221;minus-1&#8243; icon_closed=&#8221;plus-1&#8243;][vc_column_text lead=&#8221;yes&#8221; letter_spacing=&#8221;&#8221;]A AFEB participa anualmente nas feiras internacionais de maior relev\u00e2ncia ou interesse para os seus associados, oferecendo participa\u00e7\u00f5es agrupadas, em colabora\u00e7\u00e3o com AFME, PIMEC, ESKUIN e outras organiza\u00e7\u00f5es de reconhecido prest\u00edgio.[\/vc_column_text][\/vc_accordion_tab][vc_accordion_tab title=&#8221;Country Manager&#8221; icon=&#8221;minus-1&#8243; icon_closed=&#8221;plus-1&#8243;][vc_column_text lead=&#8221;yes&#8221; letter_spacing=&#8221;&#8221;]Gra\u00e7as ao acordo celebrado com a PIMEC, desde maio de 2014, os associados da AFEB podem beneficiar do servi\u00e7o de Apoio \u00e0 Exporta\u00e7\u00e3o da PIMEC, atrav\u00e9s da figura do Country Manager: um t\u00e9cnico especializado em exporta\u00e7\u00e3o que se incorpora na empresa, a tempo parcial, para introduzir-se ou consolidar-se num Mercado concreto, contribuindo com toda a sua experi\u00eancia e o apoio de todo o departamento internacional da PIMEC.[\/vc_column_text][\/vc_accordion_tab][\/vc_accordion][\/vc_column][\/vc_row][vc_row text_align=&#8221;center&#8221; padding_top=&#8221;100&#8243; padding_bottom=&#8221;100&#8243;][vc_column]<a class=\"btn btn-highlight btn-lg\" href=\"https:\/\/brico-afeb.com\/pt-pt\/contato\/\">CONTATO<\/a>[\/vc_column][\/vc_row][vc_row][vc_column][\/vc_column][\/vc_row]<\/p>\n<\/div>","protected":false},"excerpt":{"rendered":"<p>[vc_row padding_top=&#8221;0&#8243; padding_bottom=&#8221;0&#8243;][vc_column][vc_column_text font_weight=&#8221;bold&#8221; letter_spacing=&#8221;&#8221; css=&#8221;.vc_custom_1504775704099{margin-top: 20px !important;margin-bottom: 20px !important;}&#8221;] Internacionaliza\u00e7\u00e3o [\/vc_column_text][vc_accordion][vc_accordion_tab title=&#8221;Global DIY Summit&#8221; icon=&#8221;minus-1&#8243; icon_closed=&#8221;plus-1&#8243;][vc_column_text lead=&#8221;yes&#8221; letter_spacing=&#8221;&#8221;]O Global DIY Summit \u00e9 o evento do mundo da Bricolage com maior import\u00e2ncia a n\u00edvel global. A AFEB, como membro da federa\u00e7\u00e3o europeia Fediyma, tem uma participa\u00e7\u00e3o destacada, al\u00e9m de proporcionar aos seus s\u00f3cios condi\u00e7\u00f5es preferenciais de participa\u00e7\u00e3o.[\/vc_column_text][\/vc_accordion_tab][vc_accordion_tab title=&#8221;Miss\u00f5es Comerciais&#8221; icon=&#8221;minus-1&#8243; [&hellip;]<\/p>\n","protected":false},"author":1,"featured_media":0,"parent":7921,"menu_order":0,"comment_status":"closed","ping_status":"closed","template":"page-templates\/full-width.php","meta":[],"acf":[],"yoast_head":"<!-- This site is optimized with the Yoast SEO plugin v20.9 - https:\/\/yoast.com\/wordpress\/plugins\/seo\/ -->\n<title>Internacionaliza\u00e7\u00e3o - brico-afeb.com<\/title>\n<meta name=\"robots\" content=\"index, follow, max-snippet:-1, max-image-preview:large, max-video-preview:-1\" \/>\n<link rel=\"canonical\" href=\"https:\/\/brico-afeb.com\/pt-pt\/servicos\/internacionalizacao\/\" \/>\n<meta property=\"og:locale\" content=\"pt_PT\" \/>\n<meta property=\"og:type\" content=\"article\" \/>\n<meta property=\"og:title\" content=\"Internacionaliza\u00e7\u00e3o - brico-afeb.com\" \/>\n<meta property=\"og:description\" content=\"[vc_row padding_top=&#8221;0&#8243; padding_bottom=&#8221;0&#8243;][vc_column][vc_column_text font_weight=&#8221;bold&#8221; letter_spacing=&#8221;&#8221; css=&#8221;.vc_custom_1504775704099{margin-top: 20px !important;margin-bottom: 20px !important;}&#8221;] Internacionaliza\u00e7\u00e3o [\/vc_column_text][vc_accordion][vc_accordion_tab title=&#8221;Global DIY Summit&#8221; icon=&#8221;minus-1&#8243; icon_closed=&#8221;plus-1&#8243;][vc_column_text lead=&#8221;yes&#8221; letter_spacing=&#8221;&#8221;]O Global DIY Summit \u00e9 o evento do mundo da Bricolage com maior import\u00e2ncia a n\u00edvel global. A AFEB, como membro da federa\u00e7\u00e3o europeia Fediyma, tem uma participa\u00e7\u00e3o destacada, al\u00e9m de proporcionar aos seus s\u00f3cios condi\u00e7\u00f5es preferenciais de participa\u00e7\u00e3o.[\/vc_column_text][\/vc_accordion_tab][vc_accordion_tab title=&#8221;Miss\u00f5es Comerciais&#8221; icon=&#8221;minus-1&#8243; [&hellip;]\" \/>\n<meta property=\"og:url\" content=\"https:\/\/brico-afeb.com\/pt-pt\/servicos\/internacionalizacao\/\" \/>\n<meta property=\"og:site_name\" content=\"brico-afeb.com\" \/>\n<meta property=\"article:modified_time\" content=\"2017-09-07T09:19:42+00:00\" \/>\n<meta name=\"twitter:card\" content=\"summary_large_image\" \/>\n<meta name=\"twitter:label1\" content=\"Tempo estimado de leitura\" \/>\n\t<meta name=\"twitter:data1\" content=\"3 minutos\" \/>\n<script type=\"application\/ld+json\" class=\"yoast-schema-graph\">{\"@context\":\"https:\/\/schema.org\",\"@graph\":[{\"@type\":\"WebPage\",\"@id\":\"https:\/\/brico-afeb.com\/pt-pt\/servicos\/internacionalizacao\/\",\"url\":\"https:\/\/brico-afeb.com\/pt-pt\/servicos\/internacionalizacao\/\",\"name\":\"Internacionaliza\u00e7\u00e3o - brico-afeb.com\",\"isPartOf\":{\"@id\":\"https:\/\/brico-afeb.com\/pt-pt\/#website\"},\"datePublished\":\"2015-10-12T17:10:44+00:00\",\"dateModified\":\"2017-09-07T09:19:42+00:00\",\"breadcrumb\":{\"@id\":\"https:\/\/brico-afeb.com\/pt-pt\/servicos\/internacionalizacao\/#breadcrumb\"},\"inLanguage\":\"pt-PT\",\"potentialAction\":[{\"@type\":\"ReadAction\",\"target\":[\"https:\/\/brico-afeb.com\/pt-pt\/servicos\/internacionalizacao\/\"]}]},{\"@type\":\"BreadcrumbList\",\"@id\":\"https:\/\/brico-afeb.com\/pt-pt\/servicos\/internacionalizacao\/#breadcrumb\",\"itemListElement\":[{\"@type\":\"ListItem\",\"position\":1,\"name\":\"Portada\",\"item\":\"https:\/\/brico-afeb.com\/pt-pt\/\"},{\"@type\":\"ListItem\",\"position\":2,\"name\":\"Servi\u00e7os\",\"item\":\"https:\/\/brico-afeb.com\/pt-pt\/servicos\/\"},{\"@type\":\"ListItem\",\"position\":3,\"name\":\"Internacionaliza\u00e7\u00e3o\"}]},{\"@type\":\"WebSite\",\"@id\":\"https:\/\/brico-afeb.com\/pt-pt\/#website\",\"url\":\"https:\/\/brico-afeb.com\/pt-pt\/\",\"name\":\"brico-afeb.com\",\"description\":\"Asociaci\u00f3n de Fabricantes de Bricolaje y Ferreter\u00eda\",\"potentialAction\":[{\"@type\":\"SearchAction\",\"target\":{\"@type\":\"EntryPoint\",\"urlTemplate\":\"https:\/\/brico-afeb.com\/pt-pt\/?s={search_term_string}\"},\"query-input\":\"required name=search_term_string\"}],\"inLanguage\":\"pt-PT\"}]}<\/script>\n<!-- \/ Yoast SEO plugin. -->","yoast_head_json":{"title":"Internacionaliza\u00e7\u00e3o - brico-afeb.com","robots":{"index":"index","follow":"follow","max-snippet":"max-snippet:-1","max-image-preview":"max-image-preview:large","max-video-preview":"max-video-preview:-1"},"canonical":"https:\/\/brico-afeb.com\/pt-pt\/servicos\/internacionalizacao\/","og_locale":"pt_PT","og_type":"article","og_title":"Internacionaliza\u00e7\u00e3o - brico-afeb.com","og_description":"[vc_row padding_top=&#8221;0&#8243; padding_bottom=&#8221;0&#8243;][vc_column][vc_column_text font_weight=&#8221;bold&#8221; letter_spacing=&#8221;&#8221; css=&#8221;.vc_custom_1504775704099{margin-top: 20px !important;margin-bottom: 20px !important;}&#8221;] Internacionaliza\u00e7\u00e3o [\/vc_column_text][vc_accordion][vc_accordion_tab title=&#8221;Global DIY Summit&#8221; icon=&#8221;minus-1&#8243; icon_closed=&#8221;plus-1&#8243;][vc_column_text lead=&#8221;yes&#8221; letter_spacing=&#8221;&#8221;]O Global DIY Summit \u00e9 o evento do mundo da Bricolage com maior import\u00e2ncia a n\u00edvel global. A AFEB, como membro da federa\u00e7\u00e3o europeia Fediyma, tem uma participa\u00e7\u00e3o destacada, al\u00e9m de proporcionar aos seus s\u00f3cios condi\u00e7\u00f5es preferenciais de participa\u00e7\u00e3o.[\/vc_column_text][\/vc_accordion_tab][vc_accordion_tab title=&#8221;Miss\u00f5es Comerciais&#8221; icon=&#8221;minus-1&#8243; [&hellip;]","og_url":"https:\/\/brico-afeb.com\/pt-pt\/servicos\/internacionalizacao\/","og_site_name":"brico-afeb.com","article_modified_time":"2017-09-07T09:19:42+00:00","twitter_card":"summary_large_image","twitter_misc":{"Tempo estimado de leitura":"3 minutos"},"schema":{"@context":"https:\/\/schema.org","@graph":[{"@type":"WebPage","@id":"https:\/\/brico-afeb.com\/pt-pt\/servicos\/internacionalizacao\/","url":"https:\/\/brico-afeb.com\/pt-pt\/servicos\/internacionalizacao\/","name":"Internacionaliza\u00e7\u00e3o - brico-afeb.com","isPartOf":{"@id":"https:\/\/brico-afeb.com\/pt-pt\/#website"},"datePublished":"2015-10-12T17:10:44+00:00","dateModified":"2017-09-07T09:19:42+00:00","breadcrumb":{"@id":"https:\/\/brico-afeb.com\/pt-pt\/servicos\/internacionalizacao\/#breadcrumb"},"inLanguage":"pt-PT","potentialAction":[{"@type":"ReadAction","target":["https:\/\/brico-afeb.com\/pt-pt\/servicos\/internacionalizacao\/"]}]},{"@type":"BreadcrumbList","@id":"https:\/\/brico-afeb.com\/pt-pt\/servicos\/internacionalizacao\/#breadcrumb","itemListElement":[{"@type":"ListItem","position":1,"name":"Portada","item":"https:\/\/brico-afeb.com\/pt-pt\/"},{"@type":"ListItem","position":2,"name":"Servi\u00e7os","item":"https:\/\/brico-afeb.com\/pt-pt\/servicos\/"},{"@type":"ListItem","position":3,"name":"Internacionaliza\u00e7\u00e3o"}]},{"@type":"WebSite","@id":"https:\/\/brico-afeb.com\/pt-pt\/#website","url":"https:\/\/brico-afeb.com\/pt-pt\/","name":"brico-afeb.com","description":"Asociaci\u00f3n de Fabricantes de Bricolaje y Ferreter\u00eda","potentialAction":[{"@type":"SearchAction","target":{"@type":"EntryPoint","urlTemplate":"https:\/\/brico-afeb.com\/pt-pt\/?s={search_term_string}"},"query-input":"required name=search_term_string"}],"inLanguage":"pt-PT"}]}},"_links":{"self":[{"href":"https:\/\/brico-afeb.com\/pt-pt\/wp-json\/wp\/v2\/pages\/8017"}],"collection":[{"href":"https:\/\/brico-afeb.com\/pt-pt\/wp-json\/wp\/v2\/pages"}],"about":[{"href":"https:\/\/brico-afeb.com\/pt-pt\/wp-json\/wp\/v2\/types\/page"}],"author":[{"embeddable":true,"href":"https:\/\/brico-afeb.com\/pt-pt\/wp-json\/wp\/v2\/users\/1"}],"replies":[{"embeddable":true,"href":"https:\/\/brico-afeb.com\/pt-pt\/wp-json\/wp\/v2\/comments?post=8017"}],"version-history":[{"count":0,"href":"https:\/\/brico-afeb.com\/pt-pt\/wp-json\/wp\/v2\/pages\/8017\/revisions"}],"up":[{"embeddable":true,"href":"https:\/\/brico-afeb.com\/pt-pt\/wp-json\/wp\/v2\/pages\/7921"}],"wp:attachment":[{"href":"https:\/\/brico-afeb.com\/pt-pt\/wp-json\/wp\/v2\/media?parent=8017"}],"curies":[{"name":"wp","href":"https:\/\/api.w.org\/{rel}","templated":true}]}}