{"id":8511,"date":"2015-10-14T07:55:53","date_gmt":"2015-10-14T07:55:53","guid":{"rendered":"http:\/\/brico-afeb.com\/pt-pt\/?page_id=8511"},"modified":"2018-06-20T09:01:17","modified_gmt":"2018-06-20T08:01:17","slug":"afeb-recomenda","status":"publish","type":"page","link":"https:\/\/brico-afeb.com\/pt-pt\/afeb-recomenda\/","title":{"rendered":"Fornecedores de Servi\u00e7os Recomendados"},"content":{"rendered":"<div class=\"wpb-content-wrapper\"><p>[vc_row full_width=&#8221;&#8221;][vc_column width=&#8221;1\/2&#8243;][vc_single_image image=&#8221;11936&#8243; img_size=&#8221;full&#8221;][\/vc_column][vc_column width=&#8221;1\/2&#8243;][vc_column_text font_weight=&#8221;bold&#8221; letter_spacing=&#8221;&#8221;]<\/p>\n<h2><strong>ABACCUS<\/strong><br \/>\nRiscos e Finan\u00e7as.<\/h2>\n<p>[\/vc_column_text][vc_btn title=&#8221;Mais informa\u00e7\u00e3o&#8221; style=&#8221;flat&#8221; color=&#8221;success&#8221; link=&#8221;url:https%3A%2F%2Fwww.brico-afeb.com%2Fpt-pt%2Fafeb-recomenda%2Fabaccus%2F||&#8221;][\/vc_column][\/vc_row][vc_row full_width=&#8221;&#8221;][vc_column width=&#8221;1\/2&#8243;][vc_single_image image=&#8221;11666&#8243; img_size=&#8221;full&#8221;][\/vc_column][vc_column width=&#8221;1\/2&#8243;][vc_column_text font_weight=&#8221;bold&#8221; letter_spacing=&#8221;&#8221;]<\/p>\n<h2><strong>FREDERIC TORANDELL<\/strong><br \/>\nMarketing Estrat\u00e9gico, Estrat\u00e9gia Empresarial, Gest\u00e3o da Mudan\u00e7a, Omnicanalidade e Comunica\u00e7\u00e3o.<\/h2>\n<p>[\/vc_column_text][vc_btn title=&#8221;Mais informa\u00e7\u00e3o&#8221; style=&#8221;flat&#8221; color=&#8221;success&#8221; link=&#8221;url:https%3A%2F%2Fwww.brico-afeb.com%2Fpt-pt%2Fafeb-recomenda%2Ffrederic-torandell%2F||&#8221;][\/vc_column][\/vc_row][vc_row full_width=&#8221;&#8221;][vc_column width=&#8221;1\/2&#8243;][vc_single_image image=&#8221;8487&#8243; img_size=&#8221;full&#8221;][\/vc_column][vc_column width=&#8221;1\/2&#8243;][vc_column_text font_weight=&#8221;bold&#8221; letter_spacing=&#8221;&#8221;]<\/p>\n<h2><strong>HOUSER &amp; HOUSER<\/strong><br \/>\nAg\u00eancia de marketing on-line<\/h2>\n<p>[\/vc_column_text][vc_btn title=&#8221;Mais informa\u00e7\u00e3o&#8221; style=&#8221;flat&#8221; color=&#8221;success&#8221; link=&#8221;url:http%3A%2F%2Fbrico-afeb.com%2Fpt-pt%2Fafeb-recomenda%2Fhouser-houser%2F||&#8221;][\/vc_column][\/vc_row][vc_row full_width=&#8221;&#8221;][vc_column width=&#8221;1\/2&#8243;][vc_single_image image=&#8221;8501&#8243; img_size=&#8221;full&#8221;][\/vc_column][vc_column width=&#8221;1\/2&#8243;][vc_column_text font_weight=&#8221;bold&#8221; letter_spacing=&#8221;&#8221;]<\/p>\n<h2><strong>IMPLEMENTA DIY<\/strong><br \/>\nRedes de venda e comercializa\u00e7\u00e3o<\/h2>\n<p>[\/vc_column_text][vc_btn title=&#8221;Mais informa\u00e7\u00e3o&#8221; style=&#8221;flat&#8221; color=&#8221;success&#8221; link=&#8221;url:http%3A%2F%2Fbrico-afeb.com%2Fpt-pt%2Fafeb-recomenda%2Fimplementa-diy%2F||&#8221;][\/vc_column][\/vc_row][vc_row full_width=&#8221;&#8221;][vc_column width=&#8221;1\/2&#8243;][vc_single_image image=&#8221;11688&#8243; img_size=&#8221;full&#8221;][\/vc_column][vc_column width=&#8221;1\/2&#8243;][vc_column_text font_weight=&#8221;bold&#8221; letter_spacing=&#8221;&#8221;]<\/p>\n<h2><strong>LA BRIDA<\/strong><br \/>\nConsultoria de sele\u00e7\u00e3o especializada na procura de redes comerciais no sector das ferragens, bricolage, fornecimento industrial e materiais de constru\u00e7\u00e3o<\/h2>\n<p>[\/vc_column_text][vc_btn title=&#8221;Mais informa\u00e7\u00e3o&#8221; style=&#8221;flat&#8221; color=&#8221;success&#8221; link=&#8221;url:https%3A%2F%2Fwww.brico-afeb.com%2Fpt-pt%2Fafeb-recomenda%2Fla-brida%2F||&#8221;][\/vc_column][\/vc_row][vc_row][vc_column width=&#8221;1\/2&#8243;][vc_single_image image=&#8221;9910&#8243; img_size=&#8221;medium&#8221;][\/vc_column][vc_column width=&#8221;1\/2&#8243;][vc_column_text font_weight=&#8221;bold&#8221; letter_spacing=&#8221;&#8221;]<\/p>\n<h2><strong>MRC INTERNATIONAL TRAINING<\/strong><br \/>\nDesenvolvimento de pessoas, treinamentos, coaching, semin\u00e1rios e confer\u00eancias<\/h2>\n<p>[\/vc_column_text][vc_btn title=&#8221;M\u00e1s informaci\u00f3n&#8221; style=&#8221;flat&#8221; color=&#8221;success&#8221; link=&#8221;url:http%3A%2F%2Fbrico-afeb.com%2Fpt-pt%2Fafeb-recomenda%2Fmrc-international-training%2F||&#8221;][\/vc_column][\/vc_row][vc_row full_width=&#8221;&#8221;][vc_column width=&#8221;1\/2&#8243;][vc_single_image image=&#8221;9764&#8243; img_size=&#8221;full&#8221;][\/vc_column][vc_column width=&#8221;1\/2&#8243;][vc_column_text font_weight=&#8221;bold&#8221; letter_spacing=&#8221;&#8221;]<\/p>\n<h2><strong>RAIZ FERRETERA<\/strong><br \/>\nPlataforma digital\u00a0de cat\u00e1logos de produtos online para Hardware e DIY<\/h2>\n<p>[\/vc_column_text][vc_btn title=&#8221;M\u00e1s informaci\u00f3n&#8221; style=&#8221;flat&#8221; color=&#8221;success&#8221; link=&#8221;url:http%3A%2F%2Fbrico-afeb.com%2Fafeb-recomenda%2Fraiz-ferretera%2F||&#8221;][\/vc_column][\/vc_row][vc_row full_width=&#8221;&#8221;][vc_column width=&#8221;1\/2&#8243;][vc_column_text letter_spacing=&#8221;&#8221;]\u00a0[\/vc_column_text][vc_single_image image=&#8221;10341&#8243; img_size=&#8221;full&#8221;][\/vc_column][vc_column width=&#8221;1\/2&#8243;][vc_column_text font_weight=&#8221;bold&#8221; letter_spacing=&#8221;&#8221;]<\/p>\n<h2><strong>THE GETAWAY EVENTS<\/strong><br \/>\nAg\u00eancia de eventos corporativos<\/h2>\n<p>[\/vc_column_text][vc_btn title=&#8221;M\u00e1s informaci\u00f3n&#8221; style=&#8221;flat&#8221; color=&#8221;success&#8221; link=&#8221;url:http%3A%2F%2Fbrico-afeb.com%2Fpt-pt%2Fafeb-recomenda%2Fthe-getaway-events%2F||&#8221;][\/vc_column][\/vc_row][vc_row full_width=&#8221;&#8221;][vc_column width=&#8221;1\/2&#8243;][vc_column_text letter_spacing=&#8221;&#8221;]\u00a0[\/vc_column_text][vc_single_image image=&#8221;12351&#8243; img_size=&#8221;full&#8221;][\/vc_column][vc_column width=&#8221;1\/2&#8243;][vc_column_text font_weight=&#8221;bold&#8221; letter_spacing=&#8221;&#8221;]<\/p>\n<h2><strong>VINCLE<\/strong><br \/>\nSolu\u00e7\u00f5es de software para equipes de vendas<\/h2>\n<p>[\/vc_column_text][vc_btn title=&#8221;M\u00e1s informaci\u00f3n&#8221; style=&#8221;flat&#8221; color=&#8221;success&#8221; link=&#8221;url:https%3A%2F%2Fwww.brico-afeb.com%2Fpt-pt%2Fafeb-recomenda%2Fvincle%2F||&#8221;][\/vc_column][\/vc_row]<\/p>\n<\/div>","protected":false},"excerpt":{"rendered":"<p>[vc_row full_width=&#8221;&#8221;][vc_column width=&#8221;1\/2&#8243;][vc_single_image image=&#8221;11936&#8243; img_size=&#8221;full&#8221;][\/vc_column][vc_column width=&#8221;1\/2&#8243;][vc_column_text font_weight=&#8221;bold&#8221; letter_spacing=&#8221;&#8221;] ABACCUS Riscos e Finan\u00e7as. [\/vc_column_text][vc_btn title=&#8221;Mais informa\u00e7\u00e3o&#8221; style=&#8221;flat&#8221; color=&#8221;success&#8221; link=&#8221;url:https%3A%2F%2Fwww.brico-afeb.com%2Fpt-pt%2Fafeb-recomenda%2Fabaccus%2F||&#8221;][\/vc_column][\/vc_row][vc_row full_width=&#8221;&#8221;][vc_column width=&#8221;1\/2&#8243;][vc_single_image image=&#8221;11666&#8243; img_size=&#8221;full&#8221;][\/vc_column][vc_column width=&#8221;1\/2&#8243;][vc_column_text font_weight=&#8221;bold&#8221; letter_spacing=&#8221;&#8221;] FREDERIC TORANDELL Marketing Estrat\u00e9gico, Estrat\u00e9gia Empresarial, Gest\u00e3o da Mudan\u00e7a, Omnicanalidade e Comunica\u00e7\u00e3o. [\/vc_column_text][vc_btn title=&#8221;Mais informa\u00e7\u00e3o&#8221; style=&#8221;flat&#8221; color=&#8221;success&#8221; link=&#8221;url:https%3A%2F%2Fwww.brico-afeb.com%2Fpt-pt%2Fafeb-recomenda%2Ffrederic-torandell%2F||&#8221;][\/vc_column][\/vc_row][vc_row full_width=&#8221;&#8221;][vc_column width=&#8221;1\/2&#8243;][vc_single_image image=&#8221;8487&#8243; img_size=&#8221;full&#8221;][\/vc_column][vc_column width=&#8221;1\/2&#8243;][vc_column_text font_weight=&#8221;bold&#8221; letter_spacing=&#8221;&#8221;] HOUSER &amp; HOUSER Ag\u00eancia de marketing on-line [\/vc_column_text][vc_btn title=&#8221;Mais informa\u00e7\u00e3o&#8221; [&hellip;]<\/p>\n","protected":false},"author":1,"featured_media":0,"parent":0,"menu_order":0,"comment_status":"closed","ping_status":"closed","template":"","meta":[],"acf":[],"yoast_head":"<!-- This site is optimized with the Yoast SEO plugin v20.9 - https:\/\/yoast.com\/wordpress\/plugins\/seo\/ -->\n<title>Fornecedores de Servi\u00e7os Recomendados - brico-afeb.com<\/title>\n<meta name=\"robots\" content=\"index, follow, max-snippet:-1, max-image-preview:large, max-video-preview:-1\" \/>\n<link rel=\"canonical\" href=\"https:\/\/brico-afeb.com\/pt-pt\/afeb-recomenda\/\" \/>\n<meta property=\"og:locale\" content=\"pt_PT\" \/>\n<meta property=\"og:type\" content=\"article\" \/>\n<meta property=\"og:title\" content=\"Fornecedores de Servi\u00e7os Recomendados - brico-afeb.com\" \/>\n<meta property=\"og:description\" content=\"[vc_row full_width=&#8221;&#8221;][vc_column width=&#8221;1\/2&#8243;][vc_single_image image=&#8221;11936&#8243; img_size=&#8221;full&#8221;][\/vc_column][vc_column width=&#8221;1\/2&#8243;][vc_column_text font_weight=&#8221;bold&#8221; letter_spacing=&#8221;&#8221;] ABACCUS Riscos e Finan\u00e7as. [\/vc_column_text][vc_btn title=&#8221;Mais informa\u00e7\u00e3o&#8221; style=&#8221;flat&#8221; color=&#8221;success&#8221; link=&#8221;url:https%3A%2F%2Fwww.brico-afeb.com%2Fpt-pt%2Fafeb-recomenda%2Fabaccus%2F||&#8221;][\/vc_column][\/vc_row][vc_row full_width=&#8221;&#8221;][vc_column width=&#8221;1\/2&#8243;][vc_single_image image=&#8221;11666&#8243; img_size=&#8221;full&#8221;][\/vc_column][vc_column width=&#8221;1\/2&#8243;][vc_column_text font_weight=&#8221;bold&#8221; letter_spacing=&#8221;&#8221;] FREDERIC TORANDELL Marketing Estrat\u00e9gico, Estrat\u00e9gia Empresarial, Gest\u00e3o da Mudan\u00e7a, Omnicanalidade e Comunica\u00e7\u00e3o. [\/vc_column_text][vc_btn title=&#8221;Mais informa\u00e7\u00e3o&#8221; style=&#8221;flat&#8221; color=&#8221;success&#8221; link=&#8221;url:https%3A%2F%2Fwww.brico-afeb.com%2Fpt-pt%2Fafeb-recomenda%2Ffrederic-torandell%2F||&#8221;][\/vc_column][\/vc_row][vc_row full_width=&#8221;&#8221;][vc_column width=&#8221;1\/2&#8243;][vc_single_image image=&#8221;8487&#8243; img_size=&#8221;full&#8221;][\/vc_column][vc_column width=&#8221;1\/2&#8243;][vc_column_text font_weight=&#8221;bold&#8221; letter_spacing=&#8221;&#8221;] HOUSER &amp; HOUSER Ag\u00eancia de marketing on-line [\/vc_column_text][vc_btn title=&#8221;Mais informa\u00e7\u00e3o&#8221; [&hellip;]\" \/>\n<meta property=\"og:url\" content=\"https:\/\/brico-afeb.com\/pt-pt\/afeb-recomenda\/\" \/>\n<meta property=\"og:site_name\" content=\"brico-afeb.com\" \/>\n<meta property=\"article:modified_time\" content=\"2018-06-20T08:01:17+00:00\" \/>\n<meta name=\"twitter:card\" content=\"summary_large_image\" \/>\n<meta name=\"twitter:label1\" content=\"Tempo estimado de leitura\" \/>\n\t<meta name=\"twitter:data1\" content=\"3 minutos\" \/>\n<script type=\"application\/ld+json\" class=\"yoast-schema-graph\">{\"@context\":\"https:\/\/schema.org\",\"@graph\":[{\"@type\":\"WebPage\",\"@id\":\"https:\/\/brico-afeb.com\/pt-pt\/afeb-recomenda\/\",\"url\":\"https:\/\/brico-afeb.com\/pt-pt\/afeb-recomenda\/\",\"name\":\"Fornecedores de Servi\u00e7os Recomendados - brico-afeb.com\",\"isPartOf\":{\"@id\":\"https:\/\/brico-afeb.com\/pt-pt\/#website\"},\"datePublished\":\"2015-10-14T07:55:53+00:00\",\"dateModified\":\"2018-06-20T08:01:17+00:00\",\"breadcrumb\":{\"@id\":\"https:\/\/brico-afeb.com\/pt-pt\/afeb-recomenda\/#breadcrumb\"},\"inLanguage\":\"pt-PT\",\"potentialAction\":[{\"@type\":\"ReadAction\",\"target\":[\"https:\/\/brico-afeb.com\/pt-pt\/afeb-recomenda\/\"]}]},{\"@type\":\"BreadcrumbList\",\"@id\":\"https:\/\/brico-afeb.com\/pt-pt\/afeb-recomenda\/#breadcrumb\",\"itemListElement\":[{\"@type\":\"ListItem\",\"position\":1,\"name\":\"Portada\",\"item\":\"https:\/\/brico-afeb.com\/pt-pt\/\"},{\"@type\":\"ListItem\",\"position\":2,\"name\":\"Fornecedores de Servi\u00e7os Recomendados\"}]},{\"@type\":\"WebSite\",\"@id\":\"https:\/\/brico-afeb.com\/pt-pt\/#website\",\"url\":\"https:\/\/brico-afeb.com\/pt-pt\/\",\"name\":\"brico-afeb.com\",\"description\":\"Asociaci\u00f3n de Fabricantes de Bricolaje y Ferreter\u00eda\",\"potentialAction\":[{\"@type\":\"SearchAction\",\"target\":{\"@type\":\"EntryPoint\",\"urlTemplate\":\"https:\/\/brico-afeb.com\/pt-pt\/?s={search_term_string}\"},\"query-input\":\"required name=search_term_string\"}],\"inLanguage\":\"pt-PT\"}]}<\/script>\n<!-- \/ Yoast SEO plugin. -->","yoast_head_json":{"title":"Fornecedores de Servi\u00e7os Recomendados - brico-afeb.com","robots":{"index":"index","follow":"follow","max-snippet":"max-snippet:-1","max-image-preview":"max-image-preview:large","max-video-preview":"max-video-preview:-1"},"canonical":"https:\/\/brico-afeb.com\/pt-pt\/afeb-recomenda\/","og_locale":"pt_PT","og_type":"article","og_title":"Fornecedores de Servi\u00e7os Recomendados - brico-afeb.com","og_description":"[vc_row full_width=&#8221;&#8221;][vc_column width=&#8221;1\/2&#8243;][vc_single_image image=&#8221;11936&#8243; img_size=&#8221;full&#8221;][\/vc_column][vc_column width=&#8221;1\/2&#8243;][vc_column_text font_weight=&#8221;bold&#8221; letter_spacing=&#8221;&#8221;] ABACCUS Riscos e Finan\u00e7as. [\/vc_column_text][vc_btn title=&#8221;Mais informa\u00e7\u00e3o&#8221; style=&#8221;flat&#8221; color=&#8221;success&#8221; link=&#8221;url:https%3A%2F%2Fwww.brico-afeb.com%2Fpt-pt%2Fafeb-recomenda%2Fabaccus%2F||&#8221;][\/vc_column][\/vc_row][vc_row full_width=&#8221;&#8221;][vc_column width=&#8221;1\/2&#8243;][vc_single_image image=&#8221;11666&#8243; img_size=&#8221;full&#8221;][\/vc_column][vc_column width=&#8221;1\/2&#8243;][vc_column_text font_weight=&#8221;bold&#8221; letter_spacing=&#8221;&#8221;] FREDERIC TORANDELL Marketing Estrat\u00e9gico, Estrat\u00e9gia Empresarial, Gest\u00e3o da Mudan\u00e7a, Omnicanalidade e Comunica\u00e7\u00e3o. [\/vc_column_text][vc_btn title=&#8221;Mais informa\u00e7\u00e3o&#8221; style=&#8221;flat&#8221; color=&#8221;success&#8221; link=&#8221;url:https%3A%2F%2Fwww.brico-afeb.com%2Fpt-pt%2Fafeb-recomenda%2Ffrederic-torandell%2F||&#8221;][\/vc_column][\/vc_row][vc_row full_width=&#8221;&#8221;][vc_column width=&#8221;1\/2&#8243;][vc_single_image image=&#8221;8487&#8243; img_size=&#8221;full&#8221;][\/vc_column][vc_column width=&#8221;1\/2&#8243;][vc_column_text font_weight=&#8221;bold&#8221; letter_spacing=&#8221;&#8221;] HOUSER &amp; HOUSER Ag\u00eancia de marketing on-line [\/vc_column_text][vc_btn title=&#8221;Mais informa\u00e7\u00e3o&#8221; [&hellip;]","og_url":"https:\/\/brico-afeb.com\/pt-pt\/afeb-recomenda\/","og_site_name":"brico-afeb.com","article_modified_time":"2018-06-20T08:01:17+00:00","twitter_card":"summary_large_image","twitter_misc":{"Tempo estimado de leitura":"3 minutos"},"schema":{"@context":"https:\/\/schema.org","@graph":[{"@type":"WebPage","@id":"https:\/\/brico-afeb.com\/pt-pt\/afeb-recomenda\/","url":"https:\/\/brico-afeb.com\/pt-pt\/afeb-recomenda\/","name":"Fornecedores de Servi\u00e7os Recomendados - brico-afeb.com","isPartOf":{"@id":"https:\/\/brico-afeb.com\/pt-pt\/#website"},"datePublished":"2015-10-14T07:55:53+00:00","dateModified":"2018-06-20T08:01:17+00:00","breadcrumb":{"@id":"https:\/\/brico-afeb.com\/pt-pt\/afeb-recomenda\/#breadcrumb"},"inLanguage":"pt-PT","potentialAction":[{"@type":"ReadAction","target":["https:\/\/brico-afeb.com\/pt-pt\/afeb-recomenda\/"]}]},{"@type":"BreadcrumbList","@id":"https:\/\/brico-afeb.com\/pt-pt\/afeb-recomenda\/#breadcrumb","itemListElement":[{"@type":"ListItem","position":1,"name":"Portada","item":"https:\/\/brico-afeb.com\/pt-pt\/"},{"@type":"ListItem","position":2,"name":"Fornecedores de Servi\u00e7os Recomendados"}]},{"@type":"WebSite","@id":"https:\/\/brico-afeb.com\/pt-pt\/#website","url":"https:\/\/brico-afeb.com\/pt-pt\/","name":"brico-afeb.com","description":"Asociaci\u00f3n de Fabricantes de Bricolaje y Ferreter\u00eda","potentialAction":[{"@type":"SearchAction","target":{"@type":"EntryPoint","urlTemplate":"https:\/\/brico-afeb.com\/pt-pt\/?s={search_term_string}"},"query-input":"required name=search_term_string"}],"inLanguage":"pt-PT"}]}},"_links":{"self":[{"href":"https:\/\/brico-afeb.com\/pt-pt\/wp-json\/wp\/v2\/pages\/8511"}],"collection":[{"href":"https:\/\/brico-afeb.com\/pt-pt\/wp-json\/wp\/v2\/pages"}],"about":[{"href":"https:\/\/brico-afeb.com\/pt-pt\/wp-json\/wp\/v2\/types\/page"}],"author":[{"embeddable":true,"href":"https:\/\/brico-afeb.com\/pt-pt\/wp-json\/wp\/v2\/users\/1"}],"replies":[{"embeddable":true,"href":"https:\/\/brico-afeb.com\/pt-pt\/wp-json\/wp\/v2\/comments?post=8511"}],"version-history":[{"count":0,"href":"https:\/\/brico-afeb.com\/pt-pt\/wp-json\/wp\/v2\/pages\/8511\/revisions"}],"wp:attachment":[{"href":"https:\/\/brico-afeb.com\/pt-pt\/wp-json\/wp\/v2\/media?parent=8511"}],"curies":[{"name":"wp","href":"https:\/\/api.w.org\/{rel}","templated":true}]}}