{"id":8524,"date":"2015-10-14T08:04:25","date_gmt":"2015-10-14T08:04:25","guid":{"rendered":"http:\/\/brico-afeb.com\/pt-pt\/?page_id=8524"},"modified":"2016-03-14T17:52:08","modified_gmt":"2016-03-14T16:52:08","slug":"houser-houser","status":"publish","type":"page","link":"https:\/\/brico-afeb.com\/pt-pt\/afeb-recomenda\/houser-houser\/","title":{"rendered":"HOUSER &#038; HOUSER"},"content":{"rendered":"<div class=\"wpb-content-wrapper\"><p>[vc_row full_width=&#8221;&#8221;][vc_column width=&#8221;1\/2&#8243;][vc_single_image image=&#8221;8488&#8243; img_size=&#8221;full&#8221;][\/vc_column][vc_column width=&#8221;1\/2&#8243;][vc_column_text]<\/p>\n<h4>A <strong>Houser &amp; Houser<\/strong> \u00e9 uma ag\u00eancia de marketing online com v\u00e1rios clientes do mundo da bricolage. A nossa estrutura flex\u00edvel permite-nos adaptar-nos a qualquer cliente, oferecendo sempre um servi\u00e7o personalizado e adequado \u00e0s caracter\u00edsticas do mesmo.<\/h4>\n<p>[\/vc_column_text][\/vc_column][\/vc_row][vc_row padding_top=&#8221;0&#8243; full_width=&#8221;&#8221;][vc_column][vc_column_text]<strong>\u00c1reas de a\u00e7\u00e3o<\/strong><\/p>\n<div>A Houser &amp; Houser melhora o rendimento dos seus clientes a partir de tr\u00eas pontos chave no marketing online:<\/div>\n<div>&#8211; Site: Ao ser a base de toda a presen\u00e7a na Internet, encarregamo-nos de que o seu site esteja atualizado e adaptado ao momento atual. Que os nossos clientes tenham uma boa navega\u00e7\u00e3o atrav\u00e9s de Smartphones e Tablets atrav\u00e9s da tecnologia Responsive \u00e9 o nosso desafio atual.<\/div>\n<div>&#8211; Social Media: Escolhemos os canais adequados a cada caso para cada cliente, e dotamo-nos de conte\u00fados de interesse para que os seus seguidores, em qualquer plataforma, tenham uma experi\u00eancia atraente e gerem engagement com a marca.<\/div>\n<div>&#8211; Publicidade Online: Para dar a conhecer os nossos conte\u00fados escolhemos os meios publicit\u00e1rios mais adequados \u00e0 ocasi\u00e3o, estando atentos \u00e0s novidades do mercado. O nosso m\u00e9todo preferido \u00e9 a colabora\u00e7\u00e3o com Key Influencers, embora tamb\u00e9m gerimos campanhas SEM nas principais redes.<\/div>\n<p><strong>Contatos dos s\u00f3cios<\/strong><\/p>\n<div>Alejandro Casero<br \/>\n<a href=\"mailto:alex@houserandhouser.com\">alex@houserandhouser.com<\/a><\/div>\n<div>93 611 68 46<\/div>\n<p><strong>Mais informa\u00e7\u00e3o<\/strong><\/p>\n<div><a href=\"https:\/\/www.houserandhouser.com\">www.houserandhouser.com<\/a><\/div>\n<p>[\/vc_column_text][\/vc_column][\/vc_row]<\/p>\n<\/div>","protected":false},"excerpt":{"rendered":"<p>[vc_row full_width=&#8221;&#8221;][vc_column width=&#8221;1\/2&#8243;][vc_single_image image=&#8221;8488&#8243; img_size=&#8221;full&#8221;][\/vc_column][vc_column width=&#8221;1\/2&#8243;][vc_column_text] A Houser &amp; Houser \u00e9 uma ag\u00eancia de marketing online com v\u00e1rios clientes do mundo da bricolage. A nossa estrutura flex\u00edvel permite-nos adaptar-nos a qualquer cliente, oferecendo sempre um servi\u00e7o personalizado e adequado \u00e0s caracter\u00edsticas do mesmo. [\/vc_column_text][\/vc_column][\/vc_row][vc_row padding_top=&#8221;0&#8243; full_width=&#8221;&#8221;][vc_column][vc_column_text]\u00c1reas de a\u00e7\u00e3o A Houser &amp; Houser melhora o rendimento dos seus clientes a partir [&hellip;]<\/p>\n","protected":false},"author":1,"featured_media":0,"parent":8511,"menu_order":0,"comment_status":"closed","ping_status":"closed","template":"page-templates\/full-width.php","meta":[],"acf":[],"yoast_head":"<!-- This site is optimized with the Yoast SEO plugin v20.9 - https:\/\/yoast.com\/wordpress\/plugins\/seo\/ -->\n<title>HOUSER &amp; HOUSER - brico-afeb.com<\/title>\n<meta name=\"robots\" content=\"index, follow, max-snippet:-1, max-image-preview:large, max-video-preview:-1\" \/>\n<link rel=\"canonical\" href=\"https:\/\/brico-afeb.com\/pt-pt\/afeb-recomenda\/houser-houser\/\" \/>\n<meta property=\"og:locale\" content=\"pt_PT\" \/>\n<meta property=\"og:type\" content=\"article\" \/>\n<meta property=\"og:title\" content=\"HOUSER &amp; HOUSER - brico-afeb.com\" \/>\n<meta property=\"og:description\" content=\"[vc_row full_width=&#8221;&#8221;][vc_column width=&#8221;1\/2&#8243;][vc_single_image image=&#8221;8488&#8243; img_size=&#8221;full&#8221;][\/vc_column][vc_column width=&#8221;1\/2&#8243;][vc_column_text] A Houser &amp; Houser \u00e9 uma ag\u00eancia de marketing online com v\u00e1rios clientes do mundo da bricolage. A nossa estrutura flex\u00edvel permite-nos adaptar-nos a qualquer cliente, oferecendo sempre um servi\u00e7o personalizado e adequado \u00e0s caracter\u00edsticas do mesmo. [\/vc_column_text][\/vc_column][\/vc_row][vc_row padding_top=&#8221;0&#8243; full_width=&#8221;&#8221;][vc_column][vc_column_text]\u00c1reas de a\u00e7\u00e3o A Houser &amp; Houser melhora o rendimento dos seus clientes a partir [&hellip;]\" \/>\n<meta property=\"og:url\" content=\"https:\/\/brico-afeb.com\/pt-pt\/afeb-recomenda\/houser-houser\/\" \/>\n<meta property=\"og:site_name\" content=\"brico-afeb.com\" \/>\n<meta property=\"article:modified_time\" content=\"2016-03-14T16:52:08+00:00\" \/>\n<meta name=\"twitter:card\" content=\"summary_large_image\" \/>\n<meta name=\"twitter:label1\" content=\"Tempo estimado de leitura\" \/>\n\t<meta name=\"twitter:data1\" content=\"1 minuto\" \/>\n<script type=\"application\/ld+json\" class=\"yoast-schema-graph\">{\"@context\":\"https:\/\/schema.org\",\"@graph\":[{\"@type\":\"WebPage\",\"@id\":\"https:\/\/brico-afeb.com\/pt-pt\/afeb-recomenda\/houser-houser\/\",\"url\":\"https:\/\/brico-afeb.com\/pt-pt\/afeb-recomenda\/houser-houser\/\",\"name\":\"HOUSER & HOUSER - brico-afeb.com\",\"isPartOf\":{\"@id\":\"https:\/\/brico-afeb.com\/pt-pt\/#website\"},\"datePublished\":\"2015-10-14T08:04:25+00:00\",\"dateModified\":\"2016-03-14T16:52:08+00:00\",\"breadcrumb\":{\"@id\":\"https:\/\/brico-afeb.com\/pt-pt\/afeb-recomenda\/houser-houser\/#breadcrumb\"},\"inLanguage\":\"pt-PT\",\"potentialAction\":[{\"@type\":\"ReadAction\",\"target\":[\"https:\/\/brico-afeb.com\/pt-pt\/afeb-recomenda\/houser-houser\/\"]}]},{\"@type\":\"BreadcrumbList\",\"@id\":\"https:\/\/brico-afeb.com\/pt-pt\/afeb-recomenda\/houser-houser\/#breadcrumb\",\"itemListElement\":[{\"@type\":\"ListItem\",\"position\":1,\"name\":\"Portada\",\"item\":\"https:\/\/brico-afeb.com\/pt-pt\/\"},{\"@type\":\"ListItem\",\"position\":2,\"name\":\"Fornecedores de Servi\u00e7os Recomendados\",\"item\":\"https:\/\/brico-afeb.com\/pt-pt\/afeb-recomenda\/\"},{\"@type\":\"ListItem\",\"position\":3,\"name\":\"HOUSER &#038; HOUSER\"}]},{\"@type\":\"WebSite\",\"@id\":\"https:\/\/brico-afeb.com\/pt-pt\/#website\",\"url\":\"https:\/\/brico-afeb.com\/pt-pt\/\",\"name\":\"brico-afeb.com\",\"description\":\"Asociaci\u00f3n de Fabricantes de Bricolaje y Ferreter\u00eda\",\"potentialAction\":[{\"@type\":\"SearchAction\",\"target\":{\"@type\":\"EntryPoint\",\"urlTemplate\":\"https:\/\/brico-afeb.com\/pt-pt\/?s={search_term_string}\"},\"query-input\":\"required name=search_term_string\"}],\"inLanguage\":\"pt-PT\"}]}<\/script>\n<!-- \/ Yoast SEO plugin. -->","yoast_head_json":{"title":"HOUSER & HOUSER - brico-afeb.com","robots":{"index":"index","follow":"follow","max-snippet":"max-snippet:-1","max-image-preview":"max-image-preview:large","max-video-preview":"max-video-preview:-1"},"canonical":"https:\/\/brico-afeb.com\/pt-pt\/afeb-recomenda\/houser-houser\/","og_locale":"pt_PT","og_type":"article","og_title":"HOUSER & HOUSER - brico-afeb.com","og_description":"[vc_row full_width=&#8221;&#8221;][vc_column width=&#8221;1\/2&#8243;][vc_single_image image=&#8221;8488&#8243; img_size=&#8221;full&#8221;][\/vc_column][vc_column width=&#8221;1\/2&#8243;][vc_column_text] A Houser &amp; Houser \u00e9 uma ag\u00eancia de marketing online com v\u00e1rios clientes do mundo da bricolage. A nossa estrutura flex\u00edvel permite-nos adaptar-nos a qualquer cliente, oferecendo sempre um servi\u00e7o personalizado e adequado \u00e0s caracter\u00edsticas do mesmo. [\/vc_column_text][\/vc_column][\/vc_row][vc_row padding_top=&#8221;0&#8243; full_width=&#8221;&#8221;][vc_column][vc_column_text]\u00c1reas de a\u00e7\u00e3o A Houser &amp; Houser melhora o rendimento dos seus clientes a partir [&hellip;]","og_url":"https:\/\/brico-afeb.com\/pt-pt\/afeb-recomenda\/houser-houser\/","og_site_name":"brico-afeb.com","article_modified_time":"2016-03-14T16:52:08+00:00","twitter_card":"summary_large_image","twitter_misc":{"Tempo estimado de leitura":"1 minuto"},"schema":{"@context":"https:\/\/schema.org","@graph":[{"@type":"WebPage","@id":"https:\/\/brico-afeb.com\/pt-pt\/afeb-recomenda\/houser-houser\/","url":"https:\/\/brico-afeb.com\/pt-pt\/afeb-recomenda\/houser-houser\/","name":"HOUSER & HOUSER - brico-afeb.com","isPartOf":{"@id":"https:\/\/brico-afeb.com\/pt-pt\/#website"},"datePublished":"2015-10-14T08:04:25+00:00","dateModified":"2016-03-14T16:52:08+00:00","breadcrumb":{"@id":"https:\/\/brico-afeb.com\/pt-pt\/afeb-recomenda\/houser-houser\/#breadcrumb"},"inLanguage":"pt-PT","potentialAction":[{"@type":"ReadAction","target":["https:\/\/brico-afeb.com\/pt-pt\/afeb-recomenda\/houser-houser\/"]}]},{"@type":"BreadcrumbList","@id":"https:\/\/brico-afeb.com\/pt-pt\/afeb-recomenda\/houser-houser\/#breadcrumb","itemListElement":[{"@type":"ListItem","position":1,"name":"Portada","item":"https:\/\/brico-afeb.com\/pt-pt\/"},{"@type":"ListItem","position":2,"name":"Fornecedores de Servi\u00e7os Recomendados","item":"https:\/\/brico-afeb.com\/pt-pt\/afeb-recomenda\/"},{"@type":"ListItem","position":3,"name":"HOUSER &#038; HOUSER"}]},{"@type":"WebSite","@id":"https:\/\/brico-afeb.com\/pt-pt\/#website","url":"https:\/\/brico-afeb.com\/pt-pt\/","name":"brico-afeb.com","description":"Asociaci\u00f3n de Fabricantes de Bricolaje y Ferreter\u00eda","potentialAction":[{"@type":"SearchAction","target":{"@type":"EntryPoint","urlTemplate":"https:\/\/brico-afeb.com\/pt-pt\/?s={search_term_string}"},"query-input":"required name=search_term_string"}],"inLanguage":"pt-PT"}]}},"_links":{"self":[{"href":"https:\/\/brico-afeb.com\/pt-pt\/wp-json\/wp\/v2\/pages\/8524"}],"collection":[{"href":"https:\/\/brico-afeb.com\/pt-pt\/wp-json\/wp\/v2\/pages"}],"about":[{"href":"https:\/\/brico-afeb.com\/pt-pt\/wp-json\/wp\/v2\/types\/page"}],"author":[{"embeddable":true,"href":"https:\/\/brico-afeb.com\/pt-pt\/wp-json\/wp\/v2\/users\/1"}],"replies":[{"embeddable":true,"href":"https:\/\/brico-afeb.com\/pt-pt\/wp-json\/wp\/v2\/comments?post=8524"}],"version-history":[{"count":0,"href":"https:\/\/brico-afeb.com\/pt-pt\/wp-json\/wp\/v2\/pages\/8524\/revisions"}],"up":[{"embeddable":true,"href":"https:\/\/brico-afeb.com\/pt-pt\/wp-json\/wp\/v2\/pages\/8511"}],"wp:attachment":[{"href":"https:\/\/brico-afeb.com\/pt-pt\/wp-json\/wp\/v2\/media?parent=8524"}],"curies":[{"name":"wp","href":"https:\/\/api.w.org\/{rel}","templated":true}]}}