{"id":8555,"date":"2015-10-14T08:24:24","date_gmt":"2015-10-14T08:24:24","guid":{"rendered":"http:\/\/brico-afeb.com\/pt-pt\/?page_id=8555"},"modified":"2016-03-14T18:08:05","modified_gmt":"2016-03-14T17:08:05","slug":"implementa-diy","status":"publish","type":"page","link":"https:\/\/brico-afeb.com\/pt-pt\/afeb-recomenda\/implementa-diy\/","title":{"rendered":"IMPLEMENTA DIY"},"content":{"rendered":"<div class=\"wpb-content-wrapper\"><p>[vc_row full_width=&#8221;&#8221;][vc_column width=&#8221;1\/2&#8243;][vc_single_image image=&#8221;8501&#8243; img_size=&#8221;full&#8221;][\/vc_column][vc_column width=&#8221;1\/2&#8243;][vc_column_text]<\/p>\n<h4>Quem somos<\/h4>\n<p>A Implementa DIY \u00e9 uma empresa especializada em Equipas de Venda Externas para o Canal Do It Yourself (Bricolage), lojas de Ferragens e Canal Tradicional.<\/p>\n<p>A nossa rede de vendas tem como objetivo obter mais espa\u00e7os e uma maior visibilidade para as nossas marcas, conseguindo assim um maior n\u00edvel de vendas.<\/p>\n<p>Temos um processo pr\u00f3prio de gest\u00e3o das vendas testado com \u00eaxito no meio multinacional DIY.[\/vc_column_text][\/vc_column][\/vc_row][vc_row padding_top=&#8221;0&#8243; full_width=&#8221;&#8221;][vc_column][vc_column_text]A nossa cobertura geogr\u00e1fica corresponde a Espanha e Portugal. Temos uma equipa pr\u00f3pria de 25 pessoas que visitam aproximadamente 200 pontos de venda nas seguintes cadeias: Leroy Merlin, Aki, Bricor, Bauhaus, Bricodepot, El Corte Ingl\u00e9s e as GSA na sua sec\u00e7\u00e3o de bricolage.<\/p>\n<p>Tamb\u00e9m somos s\u00f3cios da Balgal, uma empresa com a qual partilhamos tecnologia e que disp\u00f5e de 160 pessoas que realizam visitas a n\u00edvel nacional.<\/p>\n<p>Trabalhamos para v\u00e1rias empresas presentes no canal DIY e Tradicional, tanto para for\u00e7as de vendas como para comercializa\u00e7\u00e3o. Mencionamos alguns exemplos de marcas: Grohe, New Garden, Valira, Ind\u00fastrias Mabel, MTK e Olfa tampas de sanit\u00e1rios.<\/p>\n<p><b><strong>O que podemos oferecer aos s\u00f3cios da AFEB?<\/strong><\/b><\/p>\n<p>Podemos agregar valor aos s\u00f3cios da AFEB que queiram:<\/p>\n<ol>\n<li>Um controlo detalhado dos seus produtos nos pontos de venda DIY com relat\u00f3rio KPI.<\/li>\n<li>Potenciar as suas vendas atrav\u00e9s de uma rede de vendas partilhada entre fabricantes n\u00e3o concorrentes entre si.<\/li>\n<li>Uma equipa de vendas externa exclusiva.<\/li>\n<li>Uma auditoria da situa\u00e7\u00e3o das suas marcas numa ins\u00edgnia em especial.<\/li>\n<li>Uma equipa de apoio para um lan\u00e7amento em especial.<\/li>\n<li>Refor\u00e7ar as vendas de uma \u00e1rea geogr\u00e1fica concreta.<\/li>\n<li>Uma equipa que reforce e complemente a sua pr\u00f3pria estrutura ou a de outros agentes, com custos por visita controlados e competitivos.<\/li>\n<li>Aumentar os \u00edndices de sell-in e sell-out dos seus produtos atrav\u00e9s de espa\u00e7os adicionais, forma\u00e7\u00e3o e demonstra\u00e7\u00f5es nos pontos de venda.<\/li>\n<li>Uma equipa capaz de negociar nos pontos de venda (cabeceiras locais, regionais, cross-selling e localiza\u00e7\u00f5es secund\u00e1rias).<\/li>\n<li>Televenda partilhada entre v\u00e1rios fabricantes n\u00e3o concorrentes entre si para o Canal Tradicional.<\/li>\n<\/ol>\n<p><b><strong>Morada de contato para o s\u00f3cios da AFEB<\/strong><\/b><b><strong>:<\/strong><\/b><\/p>\n<p>Quim Riera<br \/>\nImplementa DIY<br \/>\nc\/\u00a0Beethoven 15, 4\u00ba<br \/>\n08021 Barcelona<br \/>\nTelefone: 931 83 87 11<br \/>\nTelem\u00f3vel: 652 79 55 61<br \/>\nEmail: <a href=\"mailto:qriera@implementadiy.com\">qriera@implementadiy.com<\/a><\/p>\n<p><a href=\"https:\/\/brico-afeb.com\/wp-content\/uploads\/2015\/10\/presentacionimplementadiy.pdf\">Apresenta\u00e7\u00e3o corporativa para os s\u00f3cios da AFEB<\/a><\/p>\n<p><strong>M\u00e1s informaci\u00f3n:<\/strong><\/p>\n<p><a href=\"https:\/\/www.implementadiy.com\/\">https:\/\/www.implementadiy.com\u00a0<\/a>[\/vc_column_text][\/vc_column][\/vc_row]<\/p>\n<\/div>","protected":false},"excerpt":{"rendered":"<p>[vc_row full_width=&#8221;&#8221;][vc_column width=&#8221;1\/2&#8243;][vc_single_image image=&#8221;8501&#8243; img_size=&#8221;full&#8221;][\/vc_column][vc_column width=&#8221;1\/2&#8243;][vc_column_text] Quem somos A Implementa DIY \u00e9 uma empresa especializada em Equipas de Venda Externas para o Canal Do It Yourself (Bricolage), lojas de Ferragens e Canal Tradicional. A nossa rede de vendas tem como objetivo obter mais espa\u00e7os e uma maior visibilidade para as nossas marcas, conseguindo assim um maior n\u00edvel de vendas. Temos [&hellip;]<\/p>\n","protected":false},"author":1,"featured_media":0,"parent":8511,"menu_order":0,"comment_status":"closed","ping_status":"closed","template":"page-templates\/full-width.php","meta":[],"acf":[],"yoast_head":"<!-- This site is optimized with the Yoast SEO plugin v20.9 - https:\/\/yoast.com\/wordpress\/plugins\/seo\/ -->\n<title>IMPLEMENTA DIY - brico-afeb.com<\/title>\n<meta name=\"robots\" content=\"index, follow, max-snippet:-1, max-image-preview:large, max-video-preview:-1\" \/>\n<link rel=\"canonical\" href=\"https:\/\/brico-afeb.com\/pt-pt\/afeb-recomenda\/implementa-diy\/\" \/>\n<meta property=\"og:locale\" content=\"pt_PT\" \/>\n<meta property=\"og:type\" content=\"article\" \/>\n<meta property=\"og:title\" content=\"IMPLEMENTA DIY - brico-afeb.com\" \/>\n<meta property=\"og:description\" content=\"[vc_row full_width=&#8221;&#8221;][vc_column width=&#8221;1\/2&#8243;][vc_single_image image=&#8221;8501&#8243; img_size=&#8221;full&#8221;][\/vc_column][vc_column width=&#8221;1\/2&#8243;][vc_column_text] Quem somos A Implementa DIY \u00e9 uma empresa especializada em Equipas de Venda Externas para o Canal Do It Yourself (Bricolage), lojas de Ferragens e Canal Tradicional. A nossa rede de vendas tem como objetivo obter mais espa\u00e7os e uma maior visibilidade para as nossas marcas, conseguindo assim um maior n\u00edvel de vendas. Temos [&hellip;]\" \/>\n<meta property=\"og:url\" content=\"https:\/\/brico-afeb.com\/pt-pt\/afeb-recomenda\/implementa-diy\/\" \/>\n<meta property=\"og:site_name\" content=\"brico-afeb.com\" \/>\n<meta property=\"article:modified_time\" content=\"2016-03-14T17:08:05+00:00\" \/>\n<meta name=\"twitter:card\" content=\"summary_large_image\" \/>\n<meta name=\"twitter:label1\" content=\"Tempo estimado de leitura\" \/>\n\t<meta name=\"twitter:data1\" content=\"2 minutos\" \/>\n<script type=\"application\/ld+json\" class=\"yoast-schema-graph\">{\"@context\":\"https:\/\/schema.org\",\"@graph\":[{\"@type\":\"WebPage\",\"@id\":\"https:\/\/brico-afeb.com\/pt-pt\/afeb-recomenda\/implementa-diy\/\",\"url\":\"https:\/\/brico-afeb.com\/pt-pt\/afeb-recomenda\/implementa-diy\/\",\"name\":\"IMPLEMENTA DIY - brico-afeb.com\",\"isPartOf\":{\"@id\":\"https:\/\/brico-afeb.com\/pt-pt\/#website\"},\"datePublished\":\"2015-10-14T08:24:24+00:00\",\"dateModified\":\"2016-03-14T17:08:05+00:00\",\"breadcrumb\":{\"@id\":\"https:\/\/brico-afeb.com\/pt-pt\/afeb-recomenda\/implementa-diy\/#breadcrumb\"},\"inLanguage\":\"pt-PT\",\"potentialAction\":[{\"@type\":\"ReadAction\",\"target\":[\"https:\/\/brico-afeb.com\/pt-pt\/afeb-recomenda\/implementa-diy\/\"]}]},{\"@type\":\"BreadcrumbList\",\"@id\":\"https:\/\/brico-afeb.com\/pt-pt\/afeb-recomenda\/implementa-diy\/#breadcrumb\",\"itemListElement\":[{\"@type\":\"ListItem\",\"position\":1,\"name\":\"Portada\",\"item\":\"https:\/\/brico-afeb.com\/pt-pt\/\"},{\"@type\":\"ListItem\",\"position\":2,\"name\":\"Fornecedores de Servi\u00e7os Recomendados\",\"item\":\"https:\/\/brico-afeb.com\/pt-pt\/afeb-recomenda\/\"},{\"@type\":\"ListItem\",\"position\":3,\"name\":\"IMPLEMENTA DIY\"}]},{\"@type\":\"WebSite\",\"@id\":\"https:\/\/brico-afeb.com\/pt-pt\/#website\",\"url\":\"https:\/\/brico-afeb.com\/pt-pt\/\",\"name\":\"brico-afeb.com\",\"description\":\"Asociaci\u00f3n de Fabricantes de Bricolaje y Ferreter\u00eda\",\"potentialAction\":[{\"@type\":\"SearchAction\",\"target\":{\"@type\":\"EntryPoint\",\"urlTemplate\":\"https:\/\/brico-afeb.com\/pt-pt\/?s={search_term_string}\"},\"query-input\":\"required name=search_term_string\"}],\"inLanguage\":\"pt-PT\"}]}<\/script>\n<!-- \/ Yoast SEO plugin. -->","yoast_head_json":{"title":"IMPLEMENTA DIY - brico-afeb.com","robots":{"index":"index","follow":"follow","max-snippet":"max-snippet:-1","max-image-preview":"max-image-preview:large","max-video-preview":"max-video-preview:-1"},"canonical":"https:\/\/brico-afeb.com\/pt-pt\/afeb-recomenda\/implementa-diy\/","og_locale":"pt_PT","og_type":"article","og_title":"IMPLEMENTA DIY - brico-afeb.com","og_description":"[vc_row full_width=&#8221;&#8221;][vc_column width=&#8221;1\/2&#8243;][vc_single_image image=&#8221;8501&#8243; img_size=&#8221;full&#8221;][\/vc_column][vc_column width=&#8221;1\/2&#8243;][vc_column_text] Quem somos A Implementa DIY \u00e9 uma empresa especializada em Equipas de Venda Externas para o Canal Do It Yourself (Bricolage), lojas de Ferragens e Canal Tradicional. A nossa rede de vendas tem como objetivo obter mais espa\u00e7os e uma maior visibilidade para as nossas marcas, conseguindo assim um maior n\u00edvel de vendas. Temos [&hellip;]","og_url":"https:\/\/brico-afeb.com\/pt-pt\/afeb-recomenda\/implementa-diy\/","og_site_name":"brico-afeb.com","article_modified_time":"2016-03-14T17:08:05+00:00","twitter_card":"summary_large_image","twitter_misc":{"Tempo estimado de leitura":"2 minutos"},"schema":{"@context":"https:\/\/schema.org","@graph":[{"@type":"WebPage","@id":"https:\/\/brico-afeb.com\/pt-pt\/afeb-recomenda\/implementa-diy\/","url":"https:\/\/brico-afeb.com\/pt-pt\/afeb-recomenda\/implementa-diy\/","name":"IMPLEMENTA DIY - brico-afeb.com","isPartOf":{"@id":"https:\/\/brico-afeb.com\/pt-pt\/#website"},"datePublished":"2015-10-14T08:24:24+00:00","dateModified":"2016-03-14T17:08:05+00:00","breadcrumb":{"@id":"https:\/\/brico-afeb.com\/pt-pt\/afeb-recomenda\/implementa-diy\/#breadcrumb"},"inLanguage":"pt-PT","potentialAction":[{"@type":"ReadAction","target":["https:\/\/brico-afeb.com\/pt-pt\/afeb-recomenda\/implementa-diy\/"]}]},{"@type":"BreadcrumbList","@id":"https:\/\/brico-afeb.com\/pt-pt\/afeb-recomenda\/implementa-diy\/#breadcrumb","itemListElement":[{"@type":"ListItem","position":1,"name":"Portada","item":"https:\/\/brico-afeb.com\/pt-pt\/"},{"@type":"ListItem","position":2,"name":"Fornecedores de Servi\u00e7os Recomendados","item":"https:\/\/brico-afeb.com\/pt-pt\/afeb-recomenda\/"},{"@type":"ListItem","position":3,"name":"IMPLEMENTA DIY"}]},{"@type":"WebSite","@id":"https:\/\/brico-afeb.com\/pt-pt\/#website","url":"https:\/\/brico-afeb.com\/pt-pt\/","name":"brico-afeb.com","description":"Asociaci\u00f3n de Fabricantes de Bricolaje y Ferreter\u00eda","potentialAction":[{"@type":"SearchAction","target":{"@type":"EntryPoint","urlTemplate":"https:\/\/brico-afeb.com\/pt-pt\/?s={search_term_string}"},"query-input":"required name=search_term_string"}],"inLanguage":"pt-PT"}]}},"_links":{"self":[{"href":"https:\/\/brico-afeb.com\/pt-pt\/wp-json\/wp\/v2\/pages\/8555"}],"collection":[{"href":"https:\/\/brico-afeb.com\/pt-pt\/wp-json\/wp\/v2\/pages"}],"about":[{"href":"https:\/\/brico-afeb.com\/pt-pt\/wp-json\/wp\/v2\/types\/page"}],"author":[{"embeddable":true,"href":"https:\/\/brico-afeb.com\/pt-pt\/wp-json\/wp\/v2\/users\/1"}],"replies":[{"embeddable":true,"href":"https:\/\/brico-afeb.com\/pt-pt\/wp-json\/wp\/v2\/comments?post=8555"}],"version-history":[{"count":0,"href":"https:\/\/brico-afeb.com\/pt-pt\/wp-json\/wp\/v2\/pages\/8555\/revisions"}],"up":[{"embeddable":true,"href":"https:\/\/brico-afeb.com\/pt-pt\/wp-json\/wp\/v2\/pages\/8511"}],"wp:attachment":[{"href":"https:\/\/brico-afeb.com\/pt-pt\/wp-json\/wp\/v2\/media?parent=8555"}],"curies":[{"name":"wp","href":"https:\/\/api.w.org\/{rel}","templated":true}]}}